{"id":6,"date":"2019-05-10T08:44:29","date_gmt":"2019-05-10T08:44:29","guid":{"rendered":"http:\/\/www.nightflow.com\/?page_id=11"},"modified":"2021-08-28T16:55:14","modified_gmt":"2021-08-28T16:55:14","slug":"nightflow-com","status":"publish","type":"page","link":"https:\/\/www.nightflow.com\/de\/","title":{"rendered":"Nightflow.com"},"content":{"rendered":"<section class=\"l-section wpb_row height_medium full_height valign_center\"><div class=\"l-section-h i-cf\"><div class=\"g-cols vc_row via_flex valign_top type_default stacking_default\"><div class=\"vc_col-sm-12 wpb_column vc_column_container\"><div class=\"vc_column-inner\"><div class=\"wpb_wrapper\"><div class=\"g-cols wpb_row via_flex valign_top type_default stacking_default\"><div class=\"vc_col-sm-6 wpb_column vc_column_container\"><div class=\"vc_column-inner\"><div class=\"wpb_wrapper\"><div class=\"w-image align_none\"><div class=\"w-image-h\"><img decoding=\"async\" width=\"300\" height=\"92\" src=\"https:\/\/www.nightflow.com\/de\/wp-content\/uploads\/2021\/08\/nightflow-e1623769378729-2-300x92.png\" class=\"attachment-medium size-medium\" alt=\"\" loading=\"lazy\" srcset=\"https:\/\/www.nightflow.com\/de\/wp-content\/uploads\/2021\/08\/nightflow-e1623769378729-2-300x92.png 300w, https:\/\/www.nightflow.com\/de\/wp-content\/uploads\/2021\/08\/nightflow-e1623769378729-2.png 500w\" sizes=\"(max-width: 300px) 100vw, 300px\" \/><\/div><\/div><div class=\"w-separator size_small\"><\/div><div class=\"wpb_text_column\"><div class=\"wpb_wrapper\"><h3>Planen Sie Ihren n\u00e4chsten Ausgehabend.<\/h3>\n<\/div><\/div><div class=\"wpb_text_column\"><div class=\"wpb_wrapper\"><p>1000 kuratierte Nachtleben-F\u00fchrer, empfohlene Clubs und n\u00e4chtliche Unternehmungen.<\/p>\n<\/div><\/div><div class=\"w-separator size_small\"><\/div><div class=\"w-search us_custom_ce2ab782 layout_simple iconpos_right\"><div class=\"w-search-form\"><form class=\"w-form-row for_text\" role=\"search\" action=\"https:\/\/www.nightflow.com\/de\/\" method=\"get\"><div class=\"w-form-row-field\"><input type=\"text\" name=\"s\" placeholder=\"Eine Stadt entdecken\" aria-label=\"Eine Stadt entdecken\" value\/><\/div><button class=\"w-search-form-btn w-btn\" type=\"submit\" aria-label=\"Search\" style=\"--icon-size:20px;\"><i class=\"fas fa-search\"><\/i><\/button><\/form><\/div><\/div><\/div><\/div><\/div><div class=\"vc_col-sm-6 wpb_column vc_column_container\"><div class=\"vc_column-inner\"><div class=\"wpb_wrapper\"><\/div><\/div><\/div><\/div><\/div><\/div><\/div><\/div><\/div><\/section><section class=\"l-section wpb_row height_small\"><div class=\"l-section-h i-cf\"><div class=\"g-cols vc_row via_flex valign_top type_default stacking_default\"><div class=\"vc_col-sm-12 wpb_column vc_column_container\"><div class=\"vc_column-inner\"><div class=\"wpb_wrapper\"><div class=\"g-cols wpb_row via_flex valign_top type_default stacking_default\"><div class=\"vc_col-sm-6 wpb_column vc_column_container\"><div class=\"vc_column-inner\"><div class=\"wpb_wrapper\"><div class=\"wpb_text_column\"><div class=\"wpb_wrapper\"><h3>Wie es funktioniert<\/h3>\n<p>Planen Sie einen Abend im Freien?<\/p>\n<p>Suchen Sie dann die Stadt oder den Club, den Sie in Betracht ziehen, in der obigen Leiste oder in der Liste unten. In unseren Leitf\u00e4den finden Sie den idealen Club f\u00fcr Sie. Und schlie\u00dflich k\u00f6nnen Sie sich auf die G\u00e4steliste setzen lassen, VIP-Tische buchen oder Tickets f\u00fcr die gew\u00fcnschte Party kaufen.So einfach ist das.<\/p>\n<\/div><\/div><\/div><\/div><\/div><div class=\"vc_col-sm-6 wpb_column vc_column_container\"><div class=\"vc_column-inner\"><div class=\"wpb_wrapper\"><\/div><\/div><\/div><\/div><\/div><\/div><\/div><\/div><\/div><\/section><section class=\"l-section wpb_row height_small\"><div class=\"l-section-h i-cf\"><div class=\"g-cols vc_row via_flex valign_top type_default stacking_default\"><div class=\"vc_col-sm-4 wpb_column vc_column_container\"><div class=\"vc_column-inner\"><div class=\"wpb_wrapper\"><div class=\"wpb_text_column\"><div class=\"wpb_wrapper\"><p><a href=\"https:\/\/www.nightflow.com\/de\/berlin\/\">Berlin<\/a><br \/>\n<a href=\"https:\/\/www.nightflow.com\/de\/munchen\/\">M\u00fcnchen<\/a><em><br \/>\n<\/em><a href=\"https:\/\/www.nightflow.com\/de\/koln\/\">K\u00f6ln<\/a><br \/>\n<a href=\"https:\/\/www.nightflow.com\/de\/frankfurt\/\">Frankfurt<\/a><br \/>\n<a href=\"https:\/\/www.nightflow.com\/de\/hamburg\/\">Hamburg<\/a><\/p>\n<\/div><\/div><\/div><\/div><\/div><div class=\"vc_col-sm-4 wpb_column vc_column_container\"><div class=\"vc_column-inner\"><div class=\"wpb_wrapper\"><\/div><\/div><\/div><div class=\"vc_col-sm-4 wpb_column vc_column_container\"><div class=\"vc_column-inner\"><div class=\"wpb_wrapper\"><\/div><\/div><\/div><\/div><\/div><\/section>\n","protected":false},"excerpt":{"rendered":"Planen Sie Ihren n\u00e4chsten Ausgehabend. 1000 kuratierte Nachtleben-F\u00fchrer, empfohlene Clubs und n\u00e4chtliche Unternehmungen. Wie es funktioniert Planen Sie einen Abend im Freien? Suchen Sie dann die Stadt oder den Club, den Sie in Betracht ziehen, in der obigen Leiste oder in der Liste unten. In unseren Leitf\u00e4den finden Sie den idealen Club f\u00fcr Sie. Und...","protected":false},"author":1,"featured_media":0,"parent":0,"menu_order":0,"comment_status":"closed","ping_status":"closed","template":"","meta":{"rank_math_lock_modified_date":false,"_glsr_average":0,"_glsr_ranking":0,"_glsr_reviews":0,"footnotes":""},"class_list":["post-6","page","type-page","status-publish","hentry"],"_links":{"self":[{"href":"https:\/\/www.nightflow.com\/de\/wp-json\/wp\/v2\/pages\/6"}],"collection":[{"href":"https:\/\/www.nightflow.com\/de\/wp-json\/wp\/v2\/pages"}],"about":[{"href":"https:\/\/www.nightflow.com\/de\/wp-json\/wp\/v2\/types\/page"}],"author":[{"embeddable":true,"href":"https:\/\/www.nightflow.com\/de\/wp-json\/wp\/v2\/users\/1"}],"replies":[{"embeddable":true,"href":"https:\/\/www.nightflow.com\/de\/wp-json\/wp\/v2\/comments?post=6"}],"version-history":[{"count":3,"href":"https:\/\/www.nightflow.com\/de\/wp-json\/wp\/v2\/pages\/6\/revisions"}],"predecessor-version":[{"id":305,"href":"https:\/\/www.nightflow.com\/de\/wp-json\/wp\/v2\/pages\/6\/revisions\/305"}],"wp:attachment":[{"href":"https:\/\/www.nightflow.com\/de\/wp-json\/wp\/v2\/media?parent=6"}],"curies":[{"name":"wp","href":"https:\/\/api.w.org\/{rel}","templated":true}]}}