{"id":18,"date":"2020-09-22T11:37:26","date_gmt":"2020-09-22T11:37:26","guid":{"rendered":"https:\/\/www.nightflow.com\/?page_id=4836"},"modified":"2021-08-17T12:14:10","modified_gmt":"2021-08-17T12:14:10","slug":"trabaja-con-nosotros","status":"publish","type":"page","link":"https:\/\/www.nightflow.com\/es\/trabaja-con-nosotros\/","title":{"rendered":"Trabaja con Nosotros"},"content":{"rendered":"\r\n<h1 class=\"wp-block-heading\">Trabaja con nosotros en Nightflow<\/h1>\r\n\r\n\r\n\r\n<p>Buscamos locales y promotores de todo el mundo con los que trabajar. Estamos especializados en la promoci\u00f3n de sus noches y eventos a nuestro p\u00fablico mundial \u00e1vido de vida nocturna.<\/p>\r\n\r\n\r\n\r\n<h4 class=\"wp-block-heading\">Para los promotores&#8230;<\/h4>\r\n\r\n\r\n\r\n<p>Siempre estamos buscando promotores locales con los que asociarnos. Podemos potenciar tu negocio con nuestro p\u00fablico para convertirte en el promotor n\u00famero 1 de la ciudad.<\/p>\r\n<p>Nos encantar\u00eda ponernos en contacto (m\u00e1s abajo) para hablar de trabajar juntos.<\/p>\r\n\r\n\r\n\r\n<h4 class=\"wp-block-heading\">Para los propietarios de clubes&#8230;<\/h4>\r\n\r\n\r\n\r\n<p>Tenemos el p\u00fablico de personas que buscan lugares de <a class=\"wpil_keyword_link \" href=\"https:\/\/www.nightflow.com\/es\/\"  title=\"fiesta\" data-wpil-keyword-link=\"linked\">fiesta<\/a>. Y buscamos un club por ciudad para trabajar en exclusiva. Podemos hacer que tu local sea el &#8220;place to be&#8221; de la ciudad present\u00e1ndote como n\u00famero 1 en nuestras plataformas de medios.<\/p>\r\n<p>Solemos ofrecer m\u00e1s de un 2.000% (s\u00ed, dos mil) de retorno de la inversi\u00f3n mensual por el posicionamiento premium en nuestro sitio.<\/p>\r\n<p>Nos encantar\u00eda ponernos en contacto (m\u00e1s abajo) para hablar de la colaboraci\u00f3n.<\/p>\r\n\r\n\r\n","protected":false},"excerpt":{"rendered":"<p>Trabaja con nosotros en Nightflow Buscamos locales y promotores de todo el mundo con los que trabajar. Estamos especializados en la promoci\u00f3n de sus noches y eventos a nuestro p\u00fablico mundial \u00e1vido de vida nocturna. Para los promotores&#8230; Siempre estamos buscando promotores locales con los que asociarnos. Podemos potenciar tu negocio con nuestro p\u00fablico para&#8230;<\/p>\n","protected":false},"author":1,"featured_media":0,"parent":0,"menu_order":0,"comment_status":"closed","ping_status":"closed","template":"","meta":{"rank_math_lock_modified_date":false,"_glsr_average":0,"_glsr_ranking":0,"_glsr_reviews":0,"footnotes":""},"class_list":["post-18","page","type-page","status-publish","hentry"],"_links":{"self":[{"href":"https:\/\/www.nightflow.com\/es\/wp-json\/wp\/v2\/pages\/18"}],"collection":[{"href":"https:\/\/www.nightflow.com\/es\/wp-json\/wp\/v2\/pages"}],"about":[{"href":"https:\/\/www.nightflow.com\/es\/wp-json\/wp\/v2\/types\/page"}],"author":[{"embeddable":true,"href":"https:\/\/www.nightflow.com\/es\/wp-json\/wp\/v2\/users\/1"}],"replies":[{"embeddable":true,"href":"https:\/\/www.nightflow.com\/es\/wp-json\/wp\/v2\/comments?post=18"}],"version-history":[{"count":3,"href":"https:\/\/www.nightflow.com\/es\/wp-json\/wp\/v2\/pages\/18\/revisions"}],"predecessor-version":[{"id":5005,"href":"https:\/\/www.nightflow.com\/es\/wp-json\/wp\/v2\/pages\/18\/revisions\/5005"}],"wp:attachment":[{"href":"https:\/\/www.nightflow.com\/es\/wp-json\/wp\/v2\/media?parent=18"}],"curies":[{"name":"wp","href":"https:\/\/api.w.org\/{rel}","templated":true}]}}