{"id":4,"date":"2019-05-10T08:44:29","date_gmt":"2019-05-10T08:44:29","guid":{"rendered":"http:\/\/www.nightflow.com\/?page_id=11"},"modified":"2021-08-23T18:52:31","modified_gmt":"2021-08-23T18:52:31","slug":"home","status":"publish","type":"page","link":"https:\/\/www.nightflow.com\/es\/","title":{"rendered":"Nightflow.com"},"content":{"rendered":"<section class=\"l-section wpb_row height_medium full_height valign_center\"><div class=\"l-section-h i-cf\"><div class=\"g-cols vc_row via_flex valign_top type_default stacking_default\"><div class=\"vc_col-sm-12 wpb_column vc_column_container\"><div class=\"vc_column-inner\"><div class=\"wpb_wrapper\"><div class=\"g-cols wpb_row via_flex valign_top type_default stacking_default\"><div class=\"vc_col-sm-6 wpb_column vc_column_container\"><div class=\"vc_column-inner\"><div class=\"wpb_wrapper\"><div class=\"w-image align_none\"><div class=\"w-image-h\"><img decoding=\"async\" width=\"300\" height=\"92\" src=\"https:\/\/www.nightflow.com\/es\/wp-content\/uploads\/2021\/08\/nightflow-e1623769378729-1-300x92.png\" class=\"attachment-medium size-medium\" alt=\"\" loading=\"lazy\" srcset=\"https:\/\/www.nightflow.com\/es\/wp-content\/uploads\/2021\/08\/nightflow-e1623769378729-1-300x92.png 300w, https:\/\/www.nightflow.com\/es\/wp-content\/uploads\/2021\/08\/nightflow-e1623769378729-1.png 500w\" sizes=\"(max-width: 300px) 100vw, 300px\" \/><\/div><\/div><div class=\"w-separator size_small\"><\/div><div class=\"wpb_text_column\"><div class=\"wpb_wrapper\"><h3>Planifique su pr\u00f3xima salida nocturna.<\/h3>\n<\/div><\/div><div class=\"wpb_text_column\"><div class=\"wpb_wrapper\"><p>1000s de gu\u00edas de vida nocturna curada, clubes recomendados y cosas que hacer en la noche.<\/p>\n<\/div><\/div><div class=\"w-separator size_small\"><\/div><div class=\"w-search us_custom_ce2ab782 layout_simple iconpos_right\"><div class=\"w-search-form\"><form class=\"w-form-row for_text\" role=\"search\" action=\"https:\/\/www.nightflow.com\/es\/\" method=\"get\"><div class=\"w-form-row-field\"><input type=\"text\" name=\"s\" placeholder=\"Descubre tu ciudad\" aria-label=\"Descubre tu ciudad\" value\/><\/div><button class=\"w-search-form-btn w-btn\" type=\"submit\" aria-label=\"Search\" style=\"--icon-size:20px;\"><i class=\"fas fa-search\"><\/i><\/button><\/form><\/div><\/div><\/div><\/div><\/div><div class=\"vc_col-sm-6 wpb_column vc_column_container\"><div class=\"vc_column-inner\"><div class=\"wpb_wrapper\"><\/div><\/div><\/div><\/div><\/div><\/div><\/div><\/div><\/div><\/section><section class=\"l-section wpb_row height_small\"><div class=\"l-section-h i-cf\"><div class=\"g-cols vc_row via_flex valign_top type_default stacking_default\"><div class=\"vc_col-sm-12 wpb_column vc_column_container\"><div class=\"vc_column-inner\"><div class=\"wpb_wrapper\"><div class=\"g-cols wpb_row via_flex valign_top type_default stacking_default\"><div class=\"vc_col-sm-6 wpb_column vc_column_container\"><div class=\"vc_column-inner\"><div class=\"wpb_wrapper\"><div class=\"wpb_text_column\"><div class=\"wpb_wrapper\"><h3>C\u00f3mo funciona<\/h3>\n<p>\u00bfEst\u00e1 planeando una noche de fiesta?<\/p>\n<p>Entonces busque la ciudad o el club que est\u00e9 considerando en la barra de arriba o encu\u00e9ntrelo en la lista de abajo. Consulta nuestras gu\u00edas para encontrar el club ideal para ti. Y por \u00faltimo, puedes incluirte en la lista de invitados, reservar mesas VIP o comprar entradas para la fiesta que quieras.<\/p>\n<p>As\u00ed de f\u00e1cil.<\/p>\n<\/div><\/div><\/div><\/div><\/div><div class=\"vc_col-sm-6 wpb_column vc_column_container\"><div class=\"vc_column-inner\"><div class=\"wpb_wrapper\"><\/div><\/div><\/div><\/div><\/div><\/div><\/div><\/div><\/div><\/section><section class=\"l-section wpb_row height_small\"><div class=\"l-section-h i-cf\"><div class=\"g-cols vc_row via_flex valign_top type_default stacking_default\"><div class=\"vc_col-sm-4 wpb_column vc_column_container\"><div class=\"vc_column-inner\"><div class=\"wpb_wrapper\"><div class=\"wpb_text_column\"><div class=\"wpb_wrapper\"><h4>Espa\u00f1a<\/h4>\n<p><a href=\"https:\/\/www.nightflow.com\/es\/barcelona\/\">Barcelona<\/a><br \/>\n<a href=\"https:\/\/www.nightflow.com\/es\/madrid\/\">Madrid<\/a><br \/>\n<a href=\"https:\/\/www.nightflow.com\/es\/ibiza\/\">Ibiza<\/a><\/p>\n<\/div><\/div><\/div><\/div><\/div><div class=\"vc_col-sm-4 wpb_column vc_column_container\"><div class=\"vc_column-inner\"><div class=\"wpb_wrapper\"><div class=\"wpb_text_column\"><div class=\"wpb_wrapper\"><\/div><\/div><\/div><\/div><\/div><div class=\"vc_col-sm-4 wpb_column vc_column_container\"><div class=\"vc_column-inner\"><div class=\"wpb_wrapper\"><div class=\"wpb_text_column\"><div class=\"wpb_wrapper\"><\/div><\/div><\/div><\/div><\/div><\/div><\/div><\/section>\n","protected":false},"excerpt":{"rendered":"Planifique su pr\u00f3xima salida nocturna. 1000s de gu\u00edas de vida nocturna curada, clubes recomendados y cosas que hacer en la noche. C\u00f3mo funciona \u00bfEst\u00e1 planeando una noche de fiesta? Entonces busque la ciudad o el club que est\u00e9 considerando en la barra de arriba o encu\u00e9ntrelo en la lista de abajo. Consulta nuestras gu\u00edas para...","protected":false},"author":1,"featured_media":0,"parent":0,"menu_order":0,"comment_status":"closed","ping_status":"closed","template":"","meta":{"rank_math_lock_modified_date":false,"_glsr_average":0,"_glsr_ranking":0,"_glsr_reviews":0,"footnotes":""},"class_list":["post-4","page","type-page","status-publish","hentry"],"_links":{"self":[{"href":"https:\/\/www.nightflow.com\/es\/wp-json\/wp\/v2\/pages\/4"}],"collection":[{"href":"https:\/\/www.nightflow.com\/es\/wp-json\/wp\/v2\/pages"}],"about":[{"href":"https:\/\/www.nightflow.com\/es\/wp-json\/wp\/v2\/types\/page"}],"author":[{"embeddable":true,"href":"https:\/\/www.nightflow.com\/es\/wp-json\/wp\/v2\/users\/1"}],"replies":[{"embeddable":true,"href":"https:\/\/www.nightflow.com\/es\/wp-json\/wp\/v2\/comments?post=4"}],"version-history":[{"count":3,"href":"https:\/\/www.nightflow.com\/es\/wp-json\/wp\/v2\/pages\/4\/revisions"}],"predecessor-version":[{"id":787,"href":"https:\/\/www.nightflow.com\/es\/wp-json\/wp\/v2\/pages\/4\/revisions\/787"}],"wp:attachment":[{"href":"https:\/\/www.nightflow.com\/es\/wp-json\/wp\/v2\/media?parent=4"}],"curies":[{"name":"wp","href":"https:\/\/api.w.org\/{rel}","templated":true}]}}