{"id":4858,"date":"2022-03-24T08:27:39","date_gmt":"2022-03-24T08:27:39","guid":{"rendered":"https:\/\/www.nightflow.com\/es\/?page_id=4858"},"modified":"2022-03-25T11:33:27","modified_gmt":"2022-03-25T11:33:27","slug":"gracias-barcelona","status":"publish","type":"page","link":"https:\/\/www.nightflow.com\/es\/gracias-barcelona\/","title":{"rendered":"Gracias Barcelona"},"content":{"rendered":"<section class=\"l-section wpb_row height_small\"><div class=\"l-section-h i-cf\"><div class=\"g-cols vc_row via_flex valign_top type_default stacking_default\"><div class=\"vc_col-sm-12 wpb_column vc_column_container\"><div class=\"vc_column-inner\"><div class=\"wpb_wrapper\"><div class=\"wpb_text_column\"><div class=\"wpb_wrapper\"><h1>Gracias.<\/h1>\n<h3>Ya est\u00e1s en la lista de invitados de FRIENDS.<\/h3>\n<p>Pr\u00f3ximos pasos:<\/p>\n<ul>\n<li>Compruebe su correo electr\u00f3nico para ver la confirmaci\u00f3n. Tendr\u00e1 los detalles de su acceso a la lista de invitados.<\/li>\n<li>Recuerda llegar 45 minutos antes de la hora de entrada final, y decir &#8220;Estoy en la lista de <strong>FRIENDS<\/strong>&#8221; en la puerta o mostrar el correo electr\u00f3nico de confirmaci\u00f3n<\/li>\n<li>Llegue con el c\u00f3digo de vestimenta y lleve su identificaci\u00f3n<\/li>\n<li>\u00a1Divi\u00e9rtete en tu <a class=\"wpil_keyword_link \" href=\"https:\/\/www.nightflow.com\/es\/\"  title=\"noche\" data-wpil-keyword-link=\"linked\">noche<\/a> de fiesta!<\/li>\n<\/ul>\n<p>Aqu\u00ed tienes un enlace a la <a href=\"http:\/\/nightflow.com\/es\/barcelona\" target=\"_blank\" rel=\"noopener\">p\u00e1gina web de Barcelona<\/a> por si quieres planificar el resto de tu noche.<\/p>\n<\/div><\/div>[vc_raw_html]JTNDJTIxLS0lMjBFdmVudCUyMHNuaXBwZXQlMjBmb3IlMjBXZWJzaXRlJTIwdHJhZmZpYyUyMGNvbnZlcnNpb24lMjBwYWdlJTIwLS0lM0UlMEElM0NzY3JpcHQlM0UlMEElMjAlMjBndGFnJTI4JTI3ZXZlbnQlMjclMkMlMjAlMjdjb252ZXJzaW9uJTI3JTJDJTIwJTdCJTI3c2VuZF90byUyNyUzQSUyMCUyN0FXLTEwODU4NzUxMTk0JTJGc2g5NUNQWHE5Nk1ERU5ySjdia28lMjclN0QlMjklM0IlMEElM0MlMkZzY3JpcHQlM0UlMEE=[\/vc_raw_html]<\/div><\/div><\/div><\/div><\/div><\/section>\n","protected":false},"excerpt":{"rendered":"Gracias. Ya est\u00e1s en la lista de invitados de FRIENDS. Pr\u00f3ximos pasos: Compruebe su correo electr\u00f3nico para ver la confirmaci\u00f3n. Tendr\u00e1 los detalles de su acceso a la lista de invitados. Recuerda llegar 45 minutos antes de la hora de entrada final, y decir &#8220;Estoy en la lista de FRIENDS&#8221; en la puerta o mostrar...","protected":false},"author":1,"featured_media":0,"parent":0,"menu_order":0,"comment_status":"closed","ping_status":"closed","template":"","meta":{"rank_math_lock_modified_date":false,"_glsr_average":0,"_glsr_ranking":0,"_glsr_reviews":0,"footnotes":""},"class_list":["post-4858","page","type-page","status-publish","hentry"],"_links":{"self":[{"href":"https:\/\/www.nightflow.com\/es\/wp-json\/wp\/v2\/pages\/4858"}],"collection":[{"href":"https:\/\/www.nightflow.com\/es\/wp-json\/wp\/v2\/pages"}],"about":[{"href":"https:\/\/www.nightflow.com\/es\/wp-json\/wp\/v2\/types\/page"}],"author":[{"embeddable":true,"href":"https:\/\/www.nightflow.com\/es\/wp-json\/wp\/v2\/users\/1"}],"replies":[{"embeddable":true,"href":"https:\/\/www.nightflow.com\/es\/wp-json\/wp\/v2\/comments?post=4858"}],"version-history":[{"count":3,"href":"https:\/\/www.nightflow.com\/es\/wp-json\/wp\/v2\/pages\/4858\/revisions"}],"predecessor-version":[{"id":5003,"href":"https:\/\/www.nightflow.com\/es\/wp-json\/wp\/v2\/pages\/4858\/revisions\/5003"}],"wp:attachment":[{"href":"https:\/\/www.nightflow.com\/es\/wp-json\/wp\/v2\/media?parent=4858"}],"curies":[{"name":"wp","href":"https:\/\/api.w.org\/{rel}","templated":true}]}}