{"id":4893,"date":"2022-02-24T16:06:09","date_gmt":"2022-02-24T16:06:09","guid":{"rendered":"https:\/\/www.nightflow.com\/?page_id=82984"},"modified":"2022-03-25T09:31:41","modified_gmt":"2022-03-25T09:31:41","slug":"gracias-kapital","status":"publish","type":"page","link":"https:\/\/www.nightflow.com\/es\/gracias-kapital\/","title":{"rendered":"Gracias Kapital"},"content":{"rendered":"<section class=\"l-section wpb_row height_small\"><div class=\"l-section-h i-cf\"><div class=\"g-cols vc_row via_flex valign_top type_default stacking_default\"><div class=\"vc_col-sm-12 wpb_column vc_column_container\"><div class=\"vc_column-inner\"><div class=\"wpb_wrapper\"><div class=\"wpb_text_column\"><div class=\"wpb_wrapper\"><h1>Gracias, su c\u00f3digo QR est\u00e1 en su correo electr\u00f3nico!<\/h1>\n<h3>Ya est\u00e1s en la lista de invitados de Scott para Kapital!<\/h3>\n<p>Pr\u00f3ximos pasos:<\/p>\n<ul>\n<li>Compruebe su correo electr\u00f3nico para la confirmaci\u00f3n. Tendr\u00e1 los detalles de su acceso a la lista de invitados.<\/li>\n<li>Recuerda llegar 45 minutos antes de la hora de entrada final, y mostrar el c\u00f3digo QR que te envi\u00e9 por correo electr\u00f3nico antes de pagar (tambi\u00e9n he pegado el c\u00f3digo QR aqu\u00ed)<\/li>\n<li>Llegue con el c\u00f3digo de vestimenta y lleve su identificaci\u00f3n<\/li>\n<li>Divi\u00e9rtete en tu noche de fiesta!<\/li>\n<\/ul>\n<p>Aqu\u00ed tienes un enlace a la p\u00e1gina web de <a class=\"wpil_keyword_link \" href=\"https:\/\/www.nightflow.com\/es\/madrid\/\"  title=\"Madrid\" data-wpil-keyword-link=\"linked\">Madrid<\/a> por si quieres planificar el resto de tu noche.<\/p>\n<\/div><\/div><div class=\"w-separator size_small\"><\/div><div class=\"w-image align_none\"><div class=\"w-image-h\"><img decoding=\"async\" width=\"576\" height=\"1024\" src=\"https:\/\/www.nightflow.com\/es\/wp-content\/uploads\/2022\/02\/Guest-List-Offers-All-Night-576x1024.jpg\" class=\"attachment-large size-large\" alt=\"\" loading=\"lazy\" srcset=\"https:\/\/www.nightflow.com\/es\/wp-content\/uploads\/2022\/02\/Guest-List-Offers-All-Night-576x1024.jpg 576w, https:\/\/www.nightflow.com\/es\/wp-content\/uploads\/2022\/02\/Guest-List-Offers-All-Night-169x300.jpg 169w, https:\/\/www.nightflow.com\/es\/wp-content\/uploads\/2022\/02\/Guest-List-Offers-All-Night.jpg 1080w\" sizes=\"(max-width: 576px) 100vw, 576px\" \/><\/div><\/div>[vc_raw_html]JTNDJTIxLS0lMjBFdmVudCUyMHNuaXBwZXQlMjBmb3IlMjBXZWJzaXRlJTIwdHJhZmZpYyUyMGNvbnZlcnNpb24lMjBwYWdlJTIwLS0lM0UlMEElM0NzY3JpcHQlM0UlMEElMjAlMjBndGFnJTI4JTI3ZXZlbnQlMjclMkMlMjAlMjdjb252ZXJzaW9uJTI3JTJDJTIwJTdCJTI3c2VuZF90byUyNyUzQSUyMCUyN0FXLTEwODU4NzUxMTk0JTJGc2g5NUNQWHE5Nk1ERU5ySjdia28lMjclN0QlMjklM0IlMEElM0MlMkZzY3JpcHQlM0UlMEE=[\/vc_raw_html]<\/div><\/div><\/div><\/div><\/div><\/section>\n","protected":false},"excerpt":{"rendered":"Gracias, su c\u00f3digo QR est\u00e1 en su correo electr\u00f3nico! Ya est\u00e1s en la lista de invitados de Scott para Kapital! Pr\u00f3ximos pasos: Compruebe su correo electr\u00f3nico para la confirmaci\u00f3n. Tendr\u00e1 los detalles de su acceso a la lista de invitados. Recuerda llegar 45 minutos antes de la hora de entrada final, y mostrar el c\u00f3digo...","protected":false},"author":1,"featured_media":0,"parent":0,"menu_order":0,"comment_status":"closed","ping_status":"closed","template":"","meta":{"rank_math_lock_modified_date":false,"_glsr_average":0,"_glsr_ranking":0,"_glsr_reviews":0,"footnotes":""},"class_list":["post-4893","page","type-page","status-publish","hentry"],"_links":{"self":[{"href":"https:\/\/www.nightflow.com\/es\/wp-json\/wp\/v2\/pages\/4893"}],"collection":[{"href":"https:\/\/www.nightflow.com\/es\/wp-json\/wp\/v2\/pages"}],"about":[{"href":"https:\/\/www.nightflow.com\/es\/wp-json\/wp\/v2\/types\/page"}],"author":[{"embeddable":true,"href":"https:\/\/www.nightflow.com\/es\/wp-json\/wp\/v2\/users\/1"}],"replies":[{"embeddable":true,"href":"https:\/\/www.nightflow.com\/es\/wp-json\/wp\/v2\/comments?post=4893"}],"version-history":[{"count":3,"href":"https:\/\/www.nightflow.com\/es\/wp-json\/wp\/v2\/pages\/4893\/revisions"}],"predecessor-version":[{"id":4981,"href":"https:\/\/www.nightflow.com\/es\/wp-json\/wp\/v2\/pages\/4893\/revisions\/4981"}],"wp:attachment":[{"href":"https:\/\/www.nightflow.com\/es\/wp-json\/wp\/v2\/media?parent=4893"}],"curies":[{"name":"wp","href":"https:\/\/api.w.org\/{rel}","templated":true}]}}