{"id":11,"date":"2020-12-05T16:16:18","date_gmt":"2020-12-05T16:16:18","guid":{"rendered":"https:\/\/www.nightflow.com\/?page_id=18980"},"modified":"2021-08-31T06:52:39","modified_gmt":"2021-08-31T06:52:39","slug":"cannes","status":"publish","type":"page","link":"https:\/\/www.nightflow.com\/fr\/cannes\/","title":{"rendered":"Cannes"},"content":{"rendered":"<section class=\"l-section wpb_row height_small\"><div class=\"l-section-h i-cf\"><div class=\"g-cols vc_row via_flex valign_top type_default stacking_default\"><div class=\"vc_col-sm-12 wpb_column vc_column_container\"><div class=\"vc_column-inner\"><div class=\"wpb_wrapper\"><div class=\"wpb_text_column\"><div class=\"wpb_wrapper\"><h1 style=\"text-align: left;\">Cannes la nuit<\/h1>\n<h4 style=\"text-align: left;\">Passez \u00e0 notre s\u00e9lection des meilleures bo\u00eetes de nuit et des meilleurs bars. Ou consultez nos guides pour d\u00e9couvrir la vie nocturne \u00e0 Cannes. Et enfin, consultez nos id\u00e9es sur les choses \u00e0 faire la nuit \u00e0 Cannes.<\/h4>\n<\/div><\/div><div class=\"w-separator size_small\"><\/div><div class=\"w-image us_custom_9cf479d2 style_shadow-1 align_left us_animate_fade\"><div class=\"w-image-h\"><img decoding=\"async\" width=\"1284\" height=\"500\" src=\"https:\/\/www.nightflow.com\/fr\/wp-content\/uploads\/2022\/06\/HIDE-Bar-Dallas-feat-1284x500.jpg\" class=\"attachment-us_1536_500_crop size-us_1536_500_crop\" alt=\"\" loading=\"lazy\" \/><\/div><\/div><div class=\"w-separator size_small\"><\/div><div class=\"wpb_text_column\"><div class=\"wpb_wrapper\"><h4>\u00c0 propos de Cannes<\/h4>\n<\/div><\/div><\/div><\/div><\/div><\/div><\/div><\/section><section class=\"l-section wpb_row height_small\" id=\"clubs\"><div class=\"l-section-h i-cf\"><div class=\"g-cols vc_row via_flex valign_top type_default stacking_default\"><div class=\"vc_col-sm-12 wpb_column vc_column_container\"><div class=\"vc_column-inner\"><div class=\"wpb_wrapper\"><div class=\"wpb_text_column\"><div class=\"wpb_wrapper\"><h4>Bo\u00eetes de nuit \u00e0 Cannes<\/h4>\n<\/div><\/div><div class=\"w-separator size_small\"><\/div><div class=\"w-grid type_carousel layout_10907 cols_4\" id=\"us_grid_1\" style=\"--gap:1rem;\"><style>.layout_10907 .w-grid-item-h{}.layout_10907 .usg_post_image_1{margin-bottom:0.5rem!important}.layout_10907 .usg_post_title_1{font-size:1rem!important}<\/style><div class=\"w-grid-list owl-carousel navstyle_circle navpos_outside\" style=\"--arrows-size:1.8rem;\">\t<article class=\"w-grid-item post-987 us_portfolio type-us_portfolio status-publish has-post-thumbnail hentry us_portfolio_category-nightclub us_portfolio_tag-cannes\" data-id=\"987\">\r\n\t\t<div class=\"w-grid-item-h\">\r\n\t\t\t\t\t\t<div class=\"w-post-elm post_image usg_post_image_1 stretched\"><a href=\"https:\/\/www.nightflow.com\/fr\/lanonyme-cannes\/\" aria-label=\"L&#8217;anonyme Cannes\"><img decoding=\"async\" width=\"941\" height=\"626\" src=\"https:\/\/www.nightflow.com\/fr\/wp-content\/uploads\/2021\/09\/lanonymecannes.jpg\" class=\"attachment-large size-large wp-post-image\" alt=\"\" srcset=\"https:\/\/www.nightflow.com\/fr\/wp-content\/uploads\/2021\/09\/lanonymecannes.jpg 941w, https:\/\/www.nightflow.com\/fr\/wp-content\/uploads\/2021\/09\/lanonymecannes-300x200.jpg 300w\" sizes=\"(max-width: 941px) 100vw, 941px\" \/><\/a><\/div><h2 class=\"w-post-elm post_title usg_post_title_1 entry-title color_link_inherit\"><a href=\"https:\/\/www.nightflow.com\/fr\/lanonyme-cannes\/\">L&#8217;anonyme Cannes<\/a><\/h2>\t\t<\/div>\r\n\t\t\t<\/article>\r\n\t<article class=\"w-grid-item post-989 us_portfolio type-us_portfolio status-publish has-post-thumbnail hentry us_portfolio_category-nightclub us_portfolio_tag-cannes\" data-id=\"989\">\r\n\t\t<div class=\"w-grid-item-h\">\r\n\t\t\t\t\t\t<div class=\"w-post-elm post_image usg_post_image_1 stretched\"><a href=\"https:\/\/www.nightflow.com\/fr\/da-da-da-cannes\/\" aria-label=\"Da Da Da Cannes\"><img decoding=\"async\" width=\"603\" height=\"402\" src=\"https:\/\/www.nightflow.com\/fr\/wp-content\/uploads\/2021\/09\/dadadacannes.jpg\" class=\"attachment-large size-large wp-post-image\" alt=\"\" srcset=\"https:\/\/www.nightflow.com\/fr\/wp-content\/uploads\/2021\/09\/dadadacannes.jpg 603w, https:\/\/www.nightflow.com\/fr\/wp-content\/uploads\/2021\/09\/dadadacannes-300x200.jpg 300w\" sizes=\"(max-width: 603px) 100vw, 603px\" \/><\/a><\/div><h2 class=\"w-post-elm post_title usg_post_title_1 entry-title color_link_inherit\"><a href=\"https:\/\/www.nightflow.com\/fr\/da-da-da-cannes\/\">Da Da Da Cannes<\/a><\/h2>\t\t<\/div>\r\n\t\t\t<\/article>\r\n\t<article class=\"w-grid-item post-991 us_portfolio type-us_portfolio status-publish has-post-thumbnail hentry us_portfolio_category-nightclub us_portfolio_tag-cannes\" data-id=\"991\">\r\n\t\t<div class=\"w-grid-item-h\">\r\n\t\t\t\t\t\t<div class=\"w-post-elm post_image usg_post_image_1 stretched\"><a href=\"https:\/\/www.nightflow.com\/fr\/gotha-club-cannes\/\" aria-label=\"GOTHA Club Cannes\"><img decoding=\"async\" width=\"1024\" height=\"831\" src=\"https:\/\/www.nightflow.com\/fr\/wp-content\/uploads\/2021\/09\/GOTHA-Club-Cannes-1024x831.jpg\" class=\"attachment-large size-large wp-post-image\" alt=\"\" srcset=\"https:\/\/www.nightflow.com\/fr\/wp-content\/uploads\/2021\/09\/GOTHA-Club-Cannes-1024x831.jpg 1024w, https:\/\/www.nightflow.com\/fr\/wp-content\/uploads\/2021\/09\/GOTHA-Club-Cannes-300x243.jpg 300w, https:\/\/www.nightflow.com\/fr\/wp-content\/uploads\/2021\/09\/GOTHA-Club-Cannes.jpg 1262w\" sizes=\"(max-width: 1024px) 100vw, 1024px\" \/><\/a><\/div><h2 class=\"w-post-elm post_title usg_post_title_1 entry-title color_link_inherit\"><a href=\"https:\/\/www.nightflow.com\/fr\/gotha-club-cannes\/\">GOTHA Club Cannes<\/a><\/h2>\t\t<\/div>\r\n\t\t\t<\/article>\r\n\t<article class=\"w-grid-item post-993 us_portfolio type-us_portfolio status-publish has-post-thumbnail hentry us_portfolio_category-nightclub us_portfolio_tag-cannes\" data-id=\"993\">\r\n\t\t<div class=\"w-grid-item-h\">\r\n\t\t\t\t\t\t<div class=\"w-post-elm post_image usg_post_image_1 stretched\"><a href=\"https:\/\/www.nightflow.com\/fr\/baoli-cannes\/\" aria-label=\"B\u00e2oli Cannes\"><img decoding=\"async\" width=\"1024\" height=\"683\" src=\"https:\/\/www.nightflow.com\/fr\/wp-content\/uploads\/2021\/09\/Baoli-Cannes-2-1024x683.jpg\" class=\"attachment-large size-large wp-post-image\" alt=\"\" srcset=\"https:\/\/www.nightflow.com\/fr\/wp-content\/uploads\/2021\/09\/Baoli-Cannes-2-1024x683.jpg 1024w, https:\/\/www.nightflow.com\/fr\/wp-content\/uploads\/2021\/09\/Baoli-Cannes-2-300x200.jpg 300w, https:\/\/www.nightflow.com\/fr\/wp-content\/uploads\/2021\/09\/Baoli-Cannes-2.jpg 1536w\" sizes=\"(max-width: 1024px) 100vw, 1024px\" \/><\/a><\/div><h2 class=\"w-post-elm post_title usg_post_title_1 entry-title color_link_inherit\"><a href=\"https:\/\/www.nightflow.com\/fr\/baoli-cannes\/\">B\u00e2oli Cannes<\/a><\/h2>\t\t<\/div>\r\n\t\t\t<\/article>\r\n\t<article class=\"w-grid-item post-995 us_portfolio type-us_portfolio status-publish has-post-thumbnail hentry us_portfolio_category-nightclub us_portfolio_tag-cannes\" data-id=\"995\">\r\n\t\t<div class=\"w-grid-item-h\">\r\n\t\t\t\t\t\t<div class=\"w-post-elm post_image usg_post_image_1 stretched\"><a href=\"https:\/\/www.nightflow.com\/fr\/chrystie-cannes\/\" aria-label=\"Chrystie Cannes\"><img decoding=\"async\" width=\"1024\" height=\"1024\" src=\"https:\/\/www.nightflow.com\/fr\/wp-content\/uploads\/2021\/09\/Chrystie-Cannes-1024x1024.jpg\" class=\"attachment-large size-large wp-post-image\" alt=\"\" srcset=\"https:\/\/www.nightflow.com\/fr\/wp-content\/uploads\/2021\/09\/Chrystie-Cannes.jpg 1024w, https:\/\/www.nightflow.com\/fr\/wp-content\/uploads\/2021\/09\/Chrystie-Cannes-300x300.jpg 300w, https:\/\/www.nightflow.com\/fr\/wp-content\/uploads\/2021\/09\/Chrystie-Cannes-150x150.jpg 150w\" sizes=\"(max-width: 1024px) 100vw, 1024px\" \/><\/a><\/div><h2 class=\"w-post-elm post_title usg_post_title_1 entry-title color_link_inherit\"><a href=\"https:\/\/www.nightflow.com\/fr\/chrystie-cannes\/\">Chrystie Cannes<\/a><\/h2>\t\t<\/div>\r\n\t\t\t<\/article>\r\n\t<article class=\"w-grid-item post-996 us_portfolio type-us_portfolio status-publish has-post-thumbnail hentry us_portfolio_category-nightclub us_portfolio_tag-cannes\" data-id=\"996\">\r\n\t\t<div class=\"w-grid-item-h\">\r\n\t\t\t\t\t\t<div class=\"w-post-elm post_image usg_post_image_1 stretched\"><a href=\"https:\/\/www.nightflow.com\/fr\/club-7-cannes\/\" aria-label=\"Club 7 Cannes\"><img decoding=\"async\" width=\"562\" height=\"750\" src=\"https:\/\/www.nightflow.com\/fr\/wp-content\/uploads\/2021\/09\/Club-7-Cannes.jpg\" class=\"attachment-large size-large wp-post-image\" alt=\"\" srcset=\"https:\/\/www.nightflow.com\/fr\/wp-content\/uploads\/2021\/09\/Club-7-Cannes.jpg 562w, https:\/\/www.nightflow.com\/fr\/wp-content\/uploads\/2021\/09\/Club-7-Cannes-225x300.jpg 225w\" sizes=\"(max-width: 562px) 100vw, 562px\" \/><\/a><\/div><h2 class=\"w-post-elm post_title usg_post_title_1 entry-title color_link_inherit\"><a href=\"https:\/\/www.nightflow.com\/fr\/club-7-cannes\/\">Club 7 Cannes<\/a><\/h2>\t\t<\/div>\r\n\t\t\t<\/article>\r\n\t<article class=\"w-grid-item post-997 us_portfolio type-us_portfolio status-publish has-post-thumbnail hentry us_portfolio_category-nightclub us_portfolio_tag-cannes\" data-id=\"997\">\r\n\t\t<div class=\"w-grid-item-h\">\r\n\t\t\t\t\t\t<div class=\"w-post-elm post_image usg_post_image_1 stretched\"><a href=\"https:\/\/www.nightflow.com\/fr\/le-chat-noir-cannes\/\" aria-label=\"LE CHAT NOIR Cannes\"><img decoding=\"async\" width=\"960\" height=\"640\" src=\"https:\/\/www.nightflow.com\/fr\/wp-content\/uploads\/2021\/09\/LE-CHAT-NOIR-Cannes.jpg\" class=\"attachment-large size-large wp-post-image\" alt=\"\" srcset=\"https:\/\/www.nightflow.com\/fr\/wp-content\/uploads\/2021\/09\/LE-CHAT-NOIR-Cannes.jpg 960w, https:\/\/www.nightflow.com\/fr\/wp-content\/uploads\/2021\/09\/LE-CHAT-NOIR-Cannes-300x200.jpg 300w\" sizes=\"(max-width: 960px) 100vw, 960px\" \/><\/a><\/div><h2 class=\"w-post-elm post_title usg_post_title_1 entry-title color_link_inherit\"><a href=\"https:\/\/www.nightflow.com\/fr\/le-chat-noir-cannes\/\">LE CHAT NOIR Cannes<\/a><\/h2>\t\t<\/div>\r\n\t\t\t<\/article>\r\n<\/div>\t<div class=\"g-preloader type_1\">\r\n\t\t<div><\/div>\r\n\t<\/div>\r\n\t\t<div class=\"w-grid-json hidden\" onclick='return {&quot;action&quot;:&quot;us_ajax_grid&quot;,&quot;infinite_scroll&quot;:0,&quot;max_num_pages&quot;:1,&quot;pagination&quot;:&quot;none&quot;,&quot;template_vars&quot;:{&quot;columns&quot;:&quot;4&quot;,&quot;exclude_items&quot;:&quot;none&quot;,&quot;img_size&quot;:&quot;default&quot;,&quot;ignore_items_size&quot;:0,&quot;items_layout&quot;:&quot;10907&quot;,&quot;items_offset&quot;:&quot;1&quot;,&quot;load_animation&quot;:&quot;none&quot;,&quot;overriding_link&quot;:&quot;{\\&quot;url\\&quot;:\\&quot;\\&quot;}&quot;,&quot;post_id&quot;:0,&quot;query_args&quot;:{&quot;post_type&quot;:[&quot;us_portfolio&quot;],&quot;tax_query&quot;:[{&quot;taxonomy&quot;:&quot;us_portfolio_category&quot;,&quot;field&quot;:&quot;slug&quot;,&quot;terms&quot;:[&quot;club&quot;,&quot;nightclub&quot;]},{&quot;taxonomy&quot;:&quot;us_portfolio_tag&quot;,&quot;field&quot;:&quot;slug&quot;,&quot;terms&quot;:[&quot;cannes&quot;]}],&quot;post_status&quot;:[&quot;publish&quot;],&quot;posts_per_page&quot;:&quot;10&quot;},&quot;orderby_query_args&quot;:{&quot;orderby&quot;:{&quot;date&quot;:&quot;DESC&quot;}},&quot;type&quot;:&quot;carousel&quot;,&quot;us_grid_post_type&quot;:&quot;us_portfolio&quot;,&quot;us_grid_ajax_index&quot;:1,&quot;us_grid_filter_query_string&quot;:null,&quot;us_grid_index&quot;:1,&quot;page_args&quot;:[]},&quot;carousel_settings&quot;:{&quot;autoHeight&quot;:0,&quot;autoplay&quot;:0,&quot;carousel_fade&quot;:0,&quot;center&quot;:0,&quot;dots&quot;:0,&quot;items&quot;:&quot;4&quot;,&quot;loop&quot;:1,&quot;nav&quot;:1,&quot;slideby&quot;:&quot;1&quot;,&quot;smooth_play&quot;:0,&quot;speed&quot;:250,&quot;timeout&quot;:3000,&quot;transition&quot;:&quot;&quot;,&quot;aria_labels&quot;:{&quot;prev&quot;:&quot;Previous&quot;,&quot;next&quot;:&quot;Next&quot;}},&quot;carousel_breakpoints&quot;:{&quot;0&quot;:{&quot;autoHeight&quot;:0,&quot;autoplay&quot;:1,&quot;autoplayHoverPause&quot;:1,&quot;items&quot;:1,&quot;loop&quot;:true,&quot;stagePadding&quot;:0},&quot;601&quot;:{&quot;autoHeight&quot;:0,&quot;autoplay&quot;:1,&quot;autoplayHoverPause&quot;:1,&quot;items&quot;:2,&quot;loop&quot;:1,&quot;stagePadding&quot;:0},&quot;1025&quot;:{&quot;autoHeight&quot;:0,&quot;autoplay&quot;:1,&quot;autoplayHoverPause&quot;:1,&quot;items&quot;:3,&quot;loop&quot;:1,&quot;stagePadding&quot;:0},&quot;1281&quot;:{&quot;items&quot;:4,&quot;stagePadding&quot;:0}}}'><\/div>\r\n\t<\/div><\/div><\/div><\/div><\/div><\/div><\/section><section class=\"l-section wpb_row height_small\" id=\"article\"><div class=\"l-section-h i-cf\"><div class=\"g-cols vc_row via_flex valign_top type_default stacking_default\"><div class=\"vc_col-sm-12 wpb_column vc_column_container\"><div class=\"vc_column-inner\"><div class=\"wpb_wrapper\"><div class=\"wpb_text_column\"><div class=\"wpb_wrapper\"><h4>D\u00e9couvrez la vie nocturne de Cannes<\/h4>\n<\/div><\/div><div class=\"w-separator size_small\"><\/div><div class=\"w-grid type_grid layout_10920 cols_3\" id=\"us_grid_2\" style=\"--gap:1.5rem;\" data-filterable=\"true\"><style>@media (max-width:1024px){#us_grid_2 .w-grid-item{width:50%}}@media (max-width:600px){#us_grid_2 .w-grid-list{margin:0}#us_grid_2 .w-grid-item{width:100%;padding:0;margin-bottom:var(--gap,0px)}}.layout_10920 .w-grid-item-h{}.layout_10920 .usg_post_image_1{margin-bottom:0.5rem!important}.layout_10920 .usg_post_title_1{font-size:1rem!important}<\/style><div class=\"w-grid-list\">\t<article class=\"w-grid-item size_1x1 post-731 post type-post status-publish format-standard has-post-thumbnail hentry category-city-guide tag-cannes\" data-id=\"731\">\r\n\t\t<div class=\"w-grid-item-h\">\r\n\t\t\t\t\t\t<div class=\"w-post-elm post_image usg_post_image_1 stretched\"><a href=\"https:\/\/www.nightflow.com\/fr\/cannes-nightlife\/\" aria-label=\"La vie nocturne \u00e0 Cannes &#8211; un guide complet\"><img decoding=\"async\" width=\"1000\" height=\"625\" src=\"https:\/\/www.nightflow.com\/fr\/wp-content\/uploads\/2021\/08\/cannes-nightlife.jpg\" class=\"attachment-large size-large wp-post-image\" alt=\"\" srcset=\"https:\/\/www.nightflow.com\/fr\/wp-content\/uploads\/2021\/08\/cannes-nightlife.jpg 1000w, https:\/\/www.nightflow.com\/fr\/wp-content\/uploads\/2021\/08\/cannes-nightlife-300x188.jpg 300w\" sizes=\"(max-width: 1000px) 100vw, 1000px\" \/><\/a><\/div><h2 class=\"w-post-elm post_title usg_post_title_1 entry-title color_link_inherit\"><a href=\"https:\/\/www.nightflow.com\/fr\/cannes-nightlife\/\">La vie nocturne \u00e0 Cannes &#8211; un guide complet<\/a><\/h2>\t\t<\/div>\r\n\t\t\t<\/article>\r\n\t<article class=\"w-grid-item size_1x1 post-732 post type-post status-publish format-standard has-post-thumbnail hentry category-club-guide tag-cannes\" data-id=\"732\">\r\n\t\t<div class=\"w-grid-item-h\">\r\n\t\t\t\t\t\t<div class=\"w-post-elm post_image usg_post_image_1 stretched\"><a href=\"https:\/\/www.nightflow.com\/fr\/boites-de-nuit-a-cannes\/\" aria-label=\"Meilleures bo\u00eetes de nuit \u00e0 Cannes\"><img decoding=\"async\" width=\"1024\" height=\"683\" src=\"https:\/\/www.nightflow.com\/fr\/wp-content\/uploads\/2021\/09\/Baoli-Cannes-1-1024x683.jpg\" class=\"attachment-large size-large wp-post-image\" alt=\"\" srcset=\"https:\/\/www.nightflow.com\/fr\/wp-content\/uploads\/2021\/09\/Baoli-Cannes-1-1024x683.jpg 1024w, https:\/\/www.nightflow.com\/fr\/wp-content\/uploads\/2021\/09\/Baoli-Cannes-1-300x200.jpg 300w, https:\/\/www.nightflow.com\/fr\/wp-content\/uploads\/2021\/09\/Baoli-Cannes-1.jpg 1536w\" sizes=\"(max-width: 1024px) 100vw, 1024px\" \/><\/a><\/div><h2 class=\"w-post-elm post_title usg_post_title_1 entry-title color_link_inherit\"><a href=\"https:\/\/www.nightflow.com\/fr\/boites-de-nuit-a-cannes\/\">Meilleures bo\u00eetes de nuit \u00e0 Cannes<\/a><\/h2>\t\t<\/div>\r\n\t\t\t<\/article>\r\n\t<article class=\"w-grid-item size_1x1 post-726 post type-post status-publish format-standard has-post-thumbnail hentry category-club-guide category-uncategorized tag-cannes\" data-id=\"726\">\r\n\t\t<div class=\"w-grid-item-h\">\r\n\t\t\t\t\t\t<div class=\"w-post-elm post_image usg_post_image_1 stretched\"><a href=\"https:\/\/www.nightflow.com\/fr\/hip-hop-clubs-in-cannes\/\" aria-label=\"Clubs hip-hop \u00e0 Cannes\"><img decoding=\"async\" width=\"1024\" height=\"1024\" src=\"https:\/\/www.nightflow.com\/fr\/wp-content\/uploads\/2021\/09\/Chrystie-Cannes-1024x1024.jpg\" class=\"attachment-large size-large wp-post-image\" alt=\"\" srcset=\"https:\/\/www.nightflow.com\/fr\/wp-content\/uploads\/2021\/09\/Chrystie-Cannes.jpg 1024w, https:\/\/www.nightflow.com\/fr\/wp-content\/uploads\/2021\/09\/Chrystie-Cannes-300x300.jpg 300w, https:\/\/www.nightflow.com\/fr\/wp-content\/uploads\/2021\/09\/Chrystie-Cannes-150x150.jpg 150w\" sizes=\"(max-width: 1024px) 100vw, 1024px\" \/><\/a><\/div><h2 class=\"w-post-elm post_title usg_post_title_1 entry-title color_link_inherit\"><a href=\"https:\/\/www.nightflow.com\/fr\/hip-hop-clubs-in-cannes\/\">Clubs hip-hop \u00e0 Cannes<\/a><\/h2>\t\t<\/div>\r\n\t\t\t<\/article>\r\n\t<article class=\"w-grid-item size_1x1 post-725 post type-post status-publish format-standard has-post-thumbnail hentry category-club-guide tag-cannes\" data-id=\"725\">\r\n\t\t<div class=\"w-grid-item-h\">\r\n\t\t\t\t\t\t<div class=\"w-post-elm post_image usg_post_image_1 stretched\"><a href=\"https:\/\/www.nightflow.com\/fr\/techno-clubs-en-cannes\/\" aria-label=\"Clubs techno \u00e0 Cannes\"><img decoding=\"async\" width=\"960\" height=\"640\" src=\"https:\/\/www.nightflow.com\/fr\/wp-content\/uploads\/2021\/09\/LE-CHAT-NOIR-Cannes.jpg\" class=\"attachment-large size-large wp-post-image\" alt=\"\" srcset=\"https:\/\/www.nightflow.com\/fr\/wp-content\/uploads\/2021\/09\/LE-CHAT-NOIR-Cannes.jpg 960w, https:\/\/www.nightflow.com\/fr\/wp-content\/uploads\/2021\/09\/LE-CHAT-NOIR-Cannes-300x200.jpg 300w\" sizes=\"(max-width: 960px) 100vw, 960px\" \/><\/a><\/div><h2 class=\"w-post-elm post_title usg_post_title_1 entry-title color_link_inherit\"><a href=\"https:\/\/www.nightflow.com\/fr\/techno-clubs-en-cannes\/\">Clubs techno \u00e0 Cannes<\/a><\/h2>\t\t<\/div>\r\n\t\t\t<\/article>\r\n\t<article class=\"w-grid-item size_1x1 post-723 post type-post status-publish format-standard has-post-thumbnail hentry category-club-guide category-uncategorized tag-cannes\" data-id=\"723\">\r\n\t\t<div class=\"w-grid-item-h\">\r\n\t\t\t\t\t\t<div class=\"w-post-elm post_image usg_post_image_1 stretched\"><a href=\"https:\/\/www.nightflow.com\/fr\/latin-clubs-in-cannes\/\" aria-label=\"Clubs latinos \u00e0 Cannes\"><img decoding=\"async\" width=\"562\" height=\"750\" src=\"https:\/\/www.nightflow.com\/fr\/wp-content\/uploads\/2021\/09\/Club-7-Cannes.jpg\" class=\"attachment-large size-large wp-post-image\" alt=\"\" srcset=\"https:\/\/www.nightflow.com\/fr\/wp-content\/uploads\/2021\/09\/Club-7-Cannes.jpg 562w, https:\/\/www.nightflow.com\/fr\/wp-content\/uploads\/2021\/09\/Club-7-Cannes-225x300.jpg 225w\" sizes=\"(max-width: 562px) 100vw, 562px\" \/><\/a><\/div><h2 class=\"w-post-elm post_title usg_post_title_1 entry-title color_link_inherit\"><a href=\"https:\/\/www.nightflow.com\/fr\/latin-clubs-in-cannes\/\">Clubs latinos \u00e0 Cannes<\/a><\/h2>\t\t<\/div>\r\n\t\t\t<\/article>\r\n\t<article class=\"w-grid-item size_1x1 post-721 post type-post status-publish format-standard has-post-thumbnail hentry category-club-guide category-uncategorized tag-cannes\" data-id=\"721\">\r\n\t\t<div class=\"w-grid-item-h\">\r\n\t\t\t\t\t\t<div class=\"w-post-elm post_image usg_post_image_1 stretched\"><a href=\"https:\/\/www.nightflow.com\/fr\/gay-lgbt-clubs-in-cannes\/\" aria-label=\"Clubs LGBT et Gay \u00e0 Cannes\"><img decoding=\"async\" width=\"960\" height=\"640\" src=\"https:\/\/www.nightflow.com\/fr\/wp-content\/uploads\/2021\/09\/LE-CHAT-NOIR-Cannes.jpg\" class=\"attachment-large size-large wp-post-image\" alt=\"\" srcset=\"https:\/\/www.nightflow.com\/fr\/wp-content\/uploads\/2021\/09\/LE-CHAT-NOIR-Cannes.jpg 960w, https:\/\/www.nightflow.com\/fr\/wp-content\/uploads\/2021\/09\/LE-CHAT-NOIR-Cannes-300x200.jpg 300w\" sizes=\"(max-width: 960px) 100vw, 960px\" \/><\/a><\/div><h2 class=\"w-post-elm post_title usg_post_title_1 entry-title color_link_inherit\"><a href=\"https:\/\/www.nightflow.com\/fr\/gay-lgbt-clubs-in-cannes\/\">Clubs LGBT et Gay \u00e0 Cannes<\/a><\/h2>\t\t<\/div>\r\n\t\t\t<\/article>\r\n<\/div><div class=\"w-grid-preloader\">\t<div class=\"g-preloader type_1\">\r\n\t\t<div><\/div>\r\n\t<\/div>\r\n\t<\/div>\t<div class=\"w-grid-json hidden\" onclick='return {&quot;action&quot;:&quot;us_ajax_grid&quot;,&quot;infinite_scroll&quot;:0,&quot;max_num_pages&quot;:1,&quot;pagination&quot;:&quot;none&quot;,&quot;template_vars&quot;:{&quot;columns&quot;:&quot;3&quot;,&quot;exclude_items&quot;:&quot;none&quot;,&quot;img_size&quot;:&quot;default&quot;,&quot;ignore_items_size&quot;:0,&quot;items_layout&quot;:&quot;10920&quot;,&quot;items_offset&quot;:&quot;1&quot;,&quot;load_animation&quot;:&quot;none&quot;,&quot;overriding_link&quot;:&quot;{\\&quot;url\\&quot;:\\&quot;\\&quot;}&quot;,&quot;post_id&quot;:0,&quot;query_args&quot;:{&quot;post_type&quot;:[&quot;post&quot;],&quot;tax_query&quot;:[{&quot;taxonomy&quot;:&quot;post_tag&quot;,&quot;field&quot;:&quot;slug&quot;,&quot;terms&quot;:[&quot;cannes&quot;]}],&quot;post_status&quot;:[&quot;publish&quot;],&quot;posts_per_page&quot;:&quot;12&quot;},&quot;orderby_query_args&quot;:{&quot;orderby&quot;:{&quot;date&quot;:&quot;ASC&quot;}},&quot;type&quot;:&quot;grid&quot;,&quot;us_grid_post_type&quot;:&quot;post&quot;,&quot;us_grid_ajax_index&quot;:2,&quot;us_grid_filter_query_string&quot;:null,&quot;us_grid_index&quot;:2,&quot;page_args&quot;:[]}}'><\/div>\r\n\t<\/div><\/div><\/div><\/div><\/div><\/div><\/section><section class=\"l-section wpb_row height_small\" id=\"things\"><div class=\"l-section-h i-cf\"><div class=\"g-cols vc_row via_flex valign_top type_default stacking_default\"><div class=\"vc_col-sm-12 wpb_column vc_column_container\"><div class=\"vc_column-inner\"><div class=\"wpb_wrapper\"><div class=\"wpb_text_column\"><div class=\"wpb_wrapper\"><h1>Les choses \u00e0 faire la nuit \u00e0 Cannes<\/h1>\n<\/div><\/div><\/div><\/div><\/div><\/div><\/div><\/section>\n","protected":false},"excerpt":{"rendered":"Vous cherchez les meilleurs clubs gay et lgbt de Cannes Vous \u00eates au bon endroit Sur cette page, vous trouverez donc la liste officielle des meilleurs clubs gay et lgbt de Cannes (Plus de d\u00e9tails plus bas) Consultez notre liste compl\u00e8te de bo\u00eetes de nuit \u00e0 Cannes La vie nocturne de Cannes est tr\u00e8s vari\u00e9e,...","protected":false},"author":1,"featured_media":12,"parent":0,"menu_order":0,"comment_status":"closed","ping_status":"closed","template":"","meta":{"rank_math_lock_modified_date":false,"_glsr_average":0,"_glsr_ranking":0,"_glsr_reviews":0,"footnotes":""},"class_list":["post-11","page","type-page","status-publish","has-post-thumbnail","hentry"],"_links":{"self":[{"href":"https:\/\/www.nightflow.com\/fr\/wp-json\/wp\/v2\/pages\/11"}],"collection":[{"href":"https:\/\/www.nightflow.com\/fr\/wp-json\/wp\/v2\/pages"}],"about":[{"href":"https:\/\/www.nightflow.com\/fr\/wp-json\/wp\/v2\/types\/page"}],"author":[{"embeddable":true,"href":"https:\/\/www.nightflow.com\/fr\/wp-json\/wp\/v2\/users\/1"}],"replies":[{"embeddable":true,"href":"https:\/\/www.nightflow.com\/fr\/wp-json\/wp\/v2\/comments?post=11"}],"version-history":[{"count":2,"href":"https:\/\/www.nightflow.com\/fr\/wp-json\/wp\/v2\/pages\/11\/revisions"}],"predecessor-version":[{"id":19,"href":"https:\/\/www.nightflow.com\/fr\/wp-json\/wp\/v2\/pages\/11\/revisions\/19"}],"wp:featuredmedia":[{"embeddable":true,"href":"https:\/\/www.nightflow.com\/fr\/wp-json\/wp\/v2\/media\/12"}],"wp:attachment":[{"href":"https:\/\/www.nightflow.com\/fr\/wp-json\/wp\/v2\/media?parent=11"}],"curies":[{"name":"wp","href":"https:\/\/api.w.org\/{rel}","templated":true}]}}