{"id":13,"date":"2020-12-05T20:35:50","date_gmt":"2020-12-05T20:35:50","guid":{"rendered":"https:\/\/www.nightflow.com\/?page_id=19029"},"modified":"2021-08-31T07:51:54","modified_gmt":"2021-08-31T07:51:54","slug":"st-tropez","status":"publish","type":"page","link":"https:\/\/www.nightflow.com\/fr\/st-tropez\/","title":{"rendered":"St. Tropez"},"content":{"rendered":"<section class=\"l-section wpb_row height_small\"><div class=\"l-section-h i-cf\"><div class=\"g-cols vc_row via_flex valign_top type_default stacking_default\"><div class=\"vc_col-sm-12 wpb_column vc_column_container\"><div class=\"vc_column-inner\"><div class=\"wpb_wrapper\"><div class=\"wpb_text_column\"><div class=\"wpb_wrapper\"><h1 style=\"text-align: left;\"><span data-sheets-value=\"{\"1\":2,\"2\":\"St. Tropez\"}\" data-sheets-userformat=\"{\"2\":513,\"3\":{\"1\":0},\"12\":0}\">St. Tropez<\/span> At Night<\/h1>\n<h4 style=\"text-align: left;\">Passez \u00e0 notre s\u00e9lection des meilleures bo\u00eetes de nuit et des meilleurs bars. Or view our guides to discover the nightlife in <span data-sheets-value=\"{\"1\":2,\"2\":\"St. Tropez\"}\" data-sheets-userformat=\"{\"2\":513,\"3\":{\"1\":0},\"12\":0}\">St. Tropez<\/span>. And finally, check out our ideas on things to do at night in <span data-sheets-value=\"{\"1\":2,\"2\":\"St. Tropez\"}\" data-sheets-userformat=\"{\"2\":513,\"3\":{\"1\":0},\"12\":0}\">St. Tropez<\/span>.<\/h4>\n<\/div><\/div><div class=\"w-separator size_small\"><\/div><div class=\"w-image us_custom_9cf479d2 style_shadow-1 align_left us_animate_fade\"><div class=\"w-image-h\"><img decoding=\"async\" width=\"512\" height=\"500\" src=\"https:\/\/www.nightflow.com\/fr\/wp-content\/uploads\/2022\/06\/Chelsea-Corner-Bar-Dallas-feat-512x500.jpg\" class=\"attachment-us_1536_500_crop size-us_1536_500_crop\" alt=\"\" loading=\"lazy\" \/><\/div><\/div><div class=\"w-separator size_small\"><\/div><div class=\"wpb_text_column\"><div class=\"wpb_wrapper\"><h4>About <span data-sheets-value=\"{\"1\":2,\"2\":\"St. Tropez\"}\" data-sheets-userformat=\"{\"2\":513,\"3\":{\"1\":0},\"12\":0}\">St. Tropez<\/span><\/h4>\n<\/div><\/div><\/div><\/div><\/div><\/div><\/div><\/section><section class=\"l-section wpb_row height_small\" id=\"clubs\"><div class=\"l-section-h i-cf\"><div class=\"g-cols vc_row via_flex valign_top type_default stacking_default\"><div class=\"vc_col-sm-12 wpb_column vc_column_container\"><div class=\"vc_column-inner\"><div class=\"wpb_wrapper\"><div class=\"wpb_text_column\"><div class=\"wpb_wrapper\"><h4>Nightclubs in <span data-sheets-value=\"{\"1\":2,\"2\":\"St. Tropez\"}\" data-sheets-userformat=\"{\"2\":513,\"3\":{\"1\":0},\"12\":0}\">St. Tropez<\/span><\/h4>\n<\/div><\/div><div class=\"w-separator size_small\"><\/div><div class=\"w-grid type_carousel layout_10907 cols_4\" id=\"us_grid_1\" style=\"--gap:1rem;\"><style>.layout_10907 .w-grid-item-h{}.layout_10907 .usg_post_image_1{margin-bottom:0.5rem!important}.layout_10907 .usg_post_title_1{font-size:1rem!important}<\/style><div class=\"w-grid-list owl-carousel navstyle_circle navpos_outside\" style=\"--arrows-size:1.8rem;\">\t<article class=\"w-grid-item post-1104 us_portfolio type-us_portfolio status-publish has-post-thumbnail hentry us_portfolio_category-nightclub us_portfolio_tag-saint-tropez\" data-id=\"1104\">\r\n\t\t<div class=\"w-grid-item-h\">\r\n\t\t\t\t\t\t<div class=\"w-post-elm post_image usg_post_image_1 stretched\"><a href=\"https:\/\/www.nightflow.com\/fr\/lesqui-club-saint-tropez\/\" aria-label=\"L&#8217;Esqui Club Saint-Tropez\"><img decoding=\"async\" width=\"960\" height=\"539\" src=\"https:\/\/www.nightflow.com\/fr\/wp-content\/uploads\/2021\/09\/LEsqui-Club-Saint-Tropez.jpg\" class=\"attachment-large size-large wp-post-image\" alt=\"\" srcset=\"https:\/\/www.nightflow.com\/fr\/wp-content\/uploads\/2021\/09\/LEsqui-Club-Saint-Tropez.jpg 960w, https:\/\/www.nightflow.com\/fr\/wp-content\/uploads\/2021\/09\/LEsqui-Club-Saint-Tropez-300x168.jpg 300w\" sizes=\"(max-width: 960px) 100vw, 960px\" \/><\/a><\/div><h2 class=\"w-post-elm post_title usg_post_title_1 entry-title color_link_inherit\"><a href=\"https:\/\/www.nightflow.com\/fr\/lesqui-club-saint-tropez\/\">L&#8217;Esqui Club Saint-Tropez<\/a><\/h2>\t\t<\/div>\r\n\t\t\t<\/article>\r\n\t<article class=\"w-grid-item post-1106 us_portfolio type-us_portfolio status-publish has-post-thumbnail hentry us_portfolio_category-nightclub us_portfolio_tag-st-tropez\" data-id=\"1106\">\r\n\t\t<div class=\"w-grid-item-h\">\r\n\t\t\t\t\t\t<div class=\"w-post-elm post_image usg_post_image_1 stretched\"><a href=\"https:\/\/www.nightflow.com\/fr\/les-caves-du-roy-st-tropez\/\" aria-label=\"Les Caves du Roy St-Tropez\"><img decoding=\"async\" width=\"819\" height=\"1024\" src=\"https:\/\/www.nightflow.com\/fr\/wp-content\/uploads\/2021\/09\/Les-Caves-du-Roy-St-Tropez-819x1024.jpg\" class=\"attachment-large size-large wp-post-image\" alt=\"\" srcset=\"https:\/\/www.nightflow.com\/fr\/wp-content\/uploads\/2021\/09\/Les-Caves-du-Roy-St-Tropez-819x1024.jpg 819w, https:\/\/www.nightflow.com\/fr\/wp-content\/uploads\/2021\/09\/Les-Caves-du-Roy-St-Tropez-240x300.jpg 240w, https:\/\/www.nightflow.com\/fr\/wp-content\/uploads\/2021\/09\/Les-Caves-du-Roy-St-Tropez.jpg 1024w\" sizes=\"(max-width: 819px) 100vw, 819px\" \/><\/a><\/div><h2 class=\"w-post-elm post_title usg_post_title_1 entry-title color_link_inherit\"><a href=\"https:\/\/www.nightflow.com\/fr\/les-caves-du-roy-st-tropez\/\">Les Caves du Roy St-Tropez<\/a><\/h2>\t\t<\/div>\r\n\t\t\t<\/article>\r\n\t<article class=\"w-grid-item post-1108 us_portfolio type-us_portfolio status-publish has-post-thumbnail hentry us_portfolio_category-nightclub us_portfolio_tag-st-tropez\" data-id=\"1108\">\r\n\t\t<div class=\"w-grid-item-h\">\r\n\t\t\t\t\t\t<div class=\"w-post-elm post_image usg_post_image_1 stretched\"><a href=\"https:\/\/www.nightflow.com\/fr\/vip-room-st-tropez\/\" aria-label=\"Salle Vip St-Tropez\"><img decoding=\"async\" width=\"1024\" height=\"684\" src=\"https:\/\/www.nightflow.com\/fr\/wp-content\/uploads\/2021\/09\/Vip-Room-St-Tropez-1024x684.jpg\" class=\"attachment-large size-large wp-post-image\" alt=\"\" srcset=\"https:\/\/www.nightflow.com\/fr\/wp-content\/uploads\/2021\/09\/Vip-Room-St-Tropez-1024x684.jpg 1024w, https:\/\/www.nightflow.com\/fr\/wp-content\/uploads\/2021\/09\/Vip-Room-St-Tropez-300x200.jpg 300w, https:\/\/www.nightflow.com\/fr\/wp-content\/uploads\/2021\/09\/Vip-Room-St-Tropez.jpg 1534w\" sizes=\"(max-width: 1024px) 100vw, 1024px\" \/><\/a><\/div><h2 class=\"w-post-elm post_title usg_post_title_1 entry-title color_link_inherit\"><a href=\"https:\/\/www.nightflow.com\/fr\/vip-room-st-tropez\/\">Salle Vip St-Tropez<\/a><\/h2>\t\t<\/div>\r\n\t\t\t<\/article>\r\n\t<article class=\"w-grid-item post-1110 us_portfolio type-us_portfolio status-publish has-post-thumbnail hentry us_portfolio_category-nightclub us_portfolio_tag-saint-tropez\" data-id=\"1110\">\r\n\t\t<div class=\"w-grid-item-h\">\r\n\t\t\t\t\t\t<div class=\"w-post-elm post_image usg_post_image_1 stretched\"><a href=\"https:\/\/www.nightflow.com\/fr\/le-quai-saint-tropez\/\" aria-label=\"LE QUAI SAINT TROPEZ\"><img decoding=\"async\" width=\"1021\" height=\"1024\" src=\"https:\/\/www.nightflow.com\/fr\/wp-content\/uploads\/2021\/09\/LE-QUAI-SAINT-TROPEZ-1021x1024.jpg\" class=\"attachment-large size-large wp-post-image\" alt=\"\" srcset=\"https:\/\/www.nightflow.com\/fr\/wp-content\/uploads\/2021\/09\/LE-QUAI-SAINT-TROPEZ-1021x1024.jpg 1021w, https:\/\/www.nightflow.com\/fr\/wp-content\/uploads\/2021\/09\/LE-QUAI-SAINT-TROPEZ-300x300.jpg 300w, https:\/\/www.nightflow.com\/fr\/wp-content\/uploads\/2021\/09\/LE-QUAI-SAINT-TROPEZ-150x150.jpg 150w, https:\/\/www.nightflow.com\/fr\/wp-content\/uploads\/2021\/09\/LE-QUAI-SAINT-TROPEZ.jpg 1024w\" sizes=\"(max-width: 1021px) 100vw, 1021px\" \/><\/a><\/div><h2 class=\"w-post-elm post_title usg_post_title_1 entry-title color_link_inherit\"><a href=\"https:\/\/www.nightflow.com\/fr\/le-quai-saint-tropez\/\">LE QUAI SAINT TROPEZ<\/a><\/h2>\t\t<\/div>\r\n\t\t\t<\/article>\r\n\t<article class=\"w-grid-item post-1112 us_portfolio type-us_portfolio status-publish has-post-thumbnail hentry us_portfolio_category-nightclub us_portfolio_tag-saint-tropez\" data-id=\"1112\">\r\n\t\t<div class=\"w-grid-item-h\">\r\n\t\t\t\t\t\t<div class=\"w-post-elm post_image usg_post_image_1 stretched\"><a href=\"https:\/\/www.nightflow.com\/fr\/gaio-saint-tropez\/\" aria-label=\"GA\u00cfO Saint-Tropez\"><img decoding=\"async\" width=\"1024\" height=\"681\" src=\"https:\/\/www.nightflow.com\/fr\/wp-content\/uploads\/2021\/09\/GAIO-Saint-Tropez-1024x681.jpg\" class=\"attachment-large size-large wp-post-image\" alt=\"\" srcset=\"https:\/\/www.nightflow.com\/fr\/wp-content\/uploads\/2021\/09\/GAIO-Saint-Tropez-1024x681.jpg 1024w, https:\/\/www.nightflow.com\/fr\/wp-content\/uploads\/2021\/09\/GAIO-Saint-Tropez-300x200.jpg 300w, https:\/\/www.nightflow.com\/fr\/wp-content\/uploads\/2021\/09\/GAIO-Saint-Tropez.jpg 1503w\" sizes=\"(max-width: 1024px) 100vw, 1024px\" \/><\/a><\/div><h2 class=\"w-post-elm post_title usg_post_title_1 entry-title color_link_inherit\"><a href=\"https:\/\/www.nightflow.com\/fr\/gaio-saint-tropez\/\">GA\u00cfO Saint-Tropez<\/a><\/h2>\t\t<\/div>\r\n\t\t\t<\/article>\r\n\t<article class=\"w-grid-item post-1114 us_portfolio type-us_portfolio status-publish has-post-thumbnail hentry us_portfolio_category-nightclub us_portfolio_tag-st-tropez\" data-id=\"1114\">\r\n\t\t<div class=\"w-grid-item-h\">\r\n\t\t\t\t\t\t<div class=\"w-post-elm post_image usg_post_image_1 stretched\"><a href=\"https:\/\/www.nightflow.com\/fr\/tsa\u1d19-folies-st-tropez\/\" aria-label=\"Tsa\u1d19 Folie&#8217;s St-Tropez\"><img decoding=\"async\" width=\"960\" height=\"720\" src=\"https:\/\/www.nightflow.com\/fr\/wp-content\/uploads\/2021\/09\/Tsa\u1d19-Folies-St-Tropez.jpg\" class=\"attachment-large size-large wp-post-image\" alt=\"\" srcset=\"https:\/\/www.nightflow.com\/fr\/wp-content\/uploads\/2021\/09\/Tsa\u1d19-Folies-St-Tropez.jpg 960w, https:\/\/www.nightflow.com\/fr\/wp-content\/uploads\/2021\/09\/Tsa\u1d19-Folies-St-Tropez-300x225.jpg 300w\" sizes=\"(max-width: 960px) 100vw, 960px\" \/><\/a><\/div><h2 class=\"w-post-elm post_title usg_post_title_1 entry-title color_link_inherit\"><a href=\"https:\/\/www.nightflow.com\/fr\/tsa\u1d19-folies-st-tropez\/\">Tsa\u1d19 Folie&#8217;s St-Tropez<\/a><\/h2>\t\t<\/div>\r\n\t\t\t<\/article>\r\n<\/div>\t<div class=\"g-preloader type_1\">\r\n\t\t<div><\/div>\r\n\t<\/div>\r\n\t\t<div class=\"w-grid-json hidden\" onclick='return {&quot;action&quot;:&quot;us_ajax_grid&quot;,&quot;infinite_scroll&quot;:0,&quot;max_num_pages&quot;:1,&quot;pagination&quot;:&quot;none&quot;,&quot;template_vars&quot;:{&quot;columns&quot;:&quot;4&quot;,&quot;exclude_items&quot;:&quot;none&quot;,&quot;img_size&quot;:&quot;default&quot;,&quot;ignore_items_size&quot;:0,&quot;items_layout&quot;:&quot;10907&quot;,&quot;items_offset&quot;:&quot;1&quot;,&quot;load_animation&quot;:&quot;none&quot;,&quot;overriding_link&quot;:&quot;{\\&quot;url\\&quot;:\\&quot;\\&quot;}&quot;,&quot;post_id&quot;:0,&quot;query_args&quot;:{&quot;post_type&quot;:[&quot;us_portfolio&quot;],&quot;tax_query&quot;:[{&quot;taxonomy&quot;:&quot;us_portfolio_category&quot;,&quot;field&quot;:&quot;slug&quot;,&quot;terms&quot;:[&quot;club&quot;,&quot;nightclub&quot;]},{&quot;taxonomy&quot;:&quot;us_portfolio_tag&quot;,&quot;field&quot;:&quot;slug&quot;,&quot;terms&quot;:[&quot;saint-tropez&quot;,&quot;st-tropez&quot;]}],&quot;post_status&quot;:[&quot;publish&quot;],&quot;posts_per_page&quot;:&quot;10&quot;},&quot;orderby_query_args&quot;:{&quot;orderby&quot;:{&quot;date&quot;:&quot;DESC&quot;}},&quot;type&quot;:&quot;carousel&quot;,&quot;us_grid_post_type&quot;:&quot;us_portfolio&quot;,&quot;us_grid_ajax_index&quot;:1,&quot;us_grid_filter_query_string&quot;:null,&quot;us_grid_index&quot;:1,&quot;page_args&quot;:[]},&quot;carousel_settings&quot;:{&quot;autoHeight&quot;:0,&quot;autoplay&quot;:0,&quot;carousel_fade&quot;:0,&quot;center&quot;:0,&quot;dots&quot;:0,&quot;items&quot;:&quot;4&quot;,&quot;loop&quot;:1,&quot;nav&quot;:1,&quot;slideby&quot;:&quot;1&quot;,&quot;smooth_play&quot;:0,&quot;speed&quot;:250,&quot;timeout&quot;:3000,&quot;transition&quot;:&quot;&quot;,&quot;aria_labels&quot;:{&quot;prev&quot;:&quot;Previous&quot;,&quot;next&quot;:&quot;Next&quot;}},&quot;carousel_breakpoints&quot;:{&quot;0&quot;:{&quot;autoHeight&quot;:0,&quot;autoplay&quot;:1,&quot;autoplayHoverPause&quot;:1,&quot;items&quot;:1,&quot;loop&quot;:true,&quot;stagePadding&quot;:0},&quot;601&quot;:{&quot;autoHeight&quot;:0,&quot;autoplay&quot;:1,&quot;autoplayHoverPause&quot;:1,&quot;items&quot;:2,&quot;loop&quot;:1,&quot;stagePadding&quot;:0},&quot;1025&quot;:{&quot;autoHeight&quot;:0,&quot;autoplay&quot;:1,&quot;autoplayHoverPause&quot;:1,&quot;items&quot;:3,&quot;loop&quot;:1,&quot;stagePadding&quot;:0},&quot;1281&quot;:{&quot;items&quot;:4,&quot;stagePadding&quot;:0}}}'><\/div>\r\n\t<\/div><\/div><\/div><\/div><\/div><\/div><\/section><section class=\"l-section wpb_row height_small\" id=\"article\"><div class=\"l-section-h i-cf\"><div class=\"g-cols vc_row via_flex valign_top type_default stacking_default\"><div class=\"vc_col-sm-12 wpb_column vc_column_container\"><div class=\"vc_column-inner\"><div class=\"wpb_wrapper\"><div class=\"wpb_text_column\"><div class=\"wpb_wrapper\"><h4>Discover <span data-sheets-value=\"{\"1\":2,\"2\":\"St. Tropez\"}\" data-sheets-userformat=\"{\"2\":513,\"3\":{\"1\":0},\"12\":0}\">St. Tropez <\/span>Nightlife<\/h4>\n<\/div><\/div><div class=\"w-separator size_small\"><\/div><div class=\"w-grid type_grid layout_10920 hidden cols_3\" id=\"us_grid_2\" style=\"--gap:1.5rem;\" data-filterable=\"true\"><style>@media (max-width:1024px){#us_grid_2 .w-grid-item{width:50%}}@media (max-width:600px){#us_grid_2 .w-grid-list{margin:0}#us_grid_2 .w-grid-item{width:100%;padding:0;margin-bottom:var(--gap,0px)}}.layout_10920 .w-grid-item-h{}.layout_10920 .usg_post_image_1{margin-bottom:0.5rem!important}.layout_10920 .usg_post_title_1{font-size:1rem!important}<\/style><div class=\"w-grid-list\"><\/div><div class=\"w-grid-preloader\">\t<div class=\"g-preloader type_1\">\r\n\t\t<div><\/div>\r\n\t<\/div>\r\n\t<\/div>\t<div class=\"w-grid-json hidden\" onclick='return {&quot;action&quot;:&quot;us_ajax_grid&quot;,&quot;infinite_scroll&quot;:0,&quot;max_num_pages&quot;:0,&quot;pagination&quot;:&quot;none&quot;,&quot;template_vars&quot;:{&quot;columns&quot;:&quot;3&quot;,&quot;exclude_items&quot;:&quot;none&quot;,&quot;img_size&quot;:&quot;default&quot;,&quot;ignore_items_size&quot;:0,&quot;items_layout&quot;:&quot;10920&quot;,&quot;items_offset&quot;:&quot;1&quot;,&quot;load_animation&quot;:&quot;none&quot;,&quot;overriding_link&quot;:&quot;{\\&quot;url\\&quot;:\\&quot;\\&quot;}&quot;,&quot;post_id&quot;:0,&quot;query_args&quot;:{&quot;post_type&quot;:[&quot;post&quot;],&quot;tax_query&quot;:[{&quot;taxonomy&quot;:&quot;post_tag&quot;,&quot;field&quot;:&quot;slug&quot;,&quot;terms&quot;:[&quot;st-tropez&quot;]}],&quot;post_status&quot;:[&quot;publish&quot;],&quot;posts_per_page&quot;:&quot;12&quot;},&quot;orderby_query_args&quot;:{&quot;orderby&quot;:{&quot;date&quot;:&quot;ASC&quot;}},&quot;type&quot;:&quot;grid&quot;,&quot;us_grid_post_type&quot;:&quot;post&quot;,&quot;us_grid_ajax_index&quot;:2,&quot;us_grid_filter_query_string&quot;:null,&quot;us_grid_index&quot;:2,&quot;page_args&quot;:[]}}'><\/div>\r\n\t<\/div><div class=\"w-grid-none type_message\">No results found.<\/div><\/div><\/div><\/div><\/div><\/div><\/section><section class=\"l-section wpb_row height_small\" id=\"things\"><div class=\"l-section-h i-cf\"><div class=\"g-cols vc_row via_flex valign_top type_default stacking_default\"><div class=\"vc_col-sm-12 wpb_column vc_column_container\"><div class=\"vc_column-inner\"><div class=\"wpb_wrapper\"><div class=\"wpb_text_column\"><div class=\"wpb_wrapper\"><h1>Things to do at night in <span data-sheets-value=\"{\"1\":2,\"2\":\"St. Tropez\"}\" data-sheets-userformat=\"{\"2\":513,\"3\":{\"1\":0},\"12\":0}\">St. Tropez<\/span><\/h1>\n<\/div><\/div><\/div><\/div><\/div><\/div><\/div><\/section>\n","protected":false},"excerpt":{"rendered":"Tsa\u1d19 Folie&#8217;s St-Tropez NightclubSt-TropezInvitez vos amis : Liens utiles : S&#8217;inscrire sur la liste des invit\u00e9sR\u00e9servation du service des bouteillesObtenir des billets\u00c9v\u00e9nements priv\u00e9s ou professionnels | C\u00e9l\u00e9brez votre anniversaire Location de lieuxR\u00e9servations pour les anniversaires Emplacement :[gmw_single_location] Photos de Tsa\u1d19 Folie \u00e0 St-Tropez Photos officielles sur FacebookUne vid\u00e9o du St-Tropez de Tsa\u1d19 Folie Tsa\u1d19 Folie&#8217;s...","protected":false},"author":1,"featured_media":14,"parent":0,"menu_order":0,"comment_status":"closed","ping_status":"closed","template":"","meta":{"rank_math_lock_modified_date":false,"_glsr_average":0,"_glsr_ranking":0,"_glsr_reviews":0,"footnotes":""},"class_list":["post-13","page","type-page","status-publish","has-post-thumbnail","hentry"],"_links":{"self":[{"href":"https:\/\/www.nightflow.com\/fr\/wp-json\/wp\/v2\/pages\/13"}],"collection":[{"href":"https:\/\/www.nightflow.com\/fr\/wp-json\/wp\/v2\/pages"}],"about":[{"href":"https:\/\/www.nightflow.com\/fr\/wp-json\/wp\/v2\/types\/page"}],"author":[{"embeddable":true,"href":"https:\/\/www.nightflow.com\/fr\/wp-json\/wp\/v2\/users\/1"}],"replies":[{"embeddable":true,"href":"https:\/\/www.nightflow.com\/fr\/wp-json\/wp\/v2\/comments?post=13"}],"version-history":[{"count":3,"href":"https:\/\/www.nightflow.com\/fr\/wp-json\/wp\/v2\/pages\/13\/revisions"}],"predecessor-version":[{"id":23,"href":"https:\/\/www.nightflow.com\/fr\/wp-json\/wp\/v2\/pages\/13\/revisions\/23"}],"wp:featuredmedia":[{"embeddable":true,"href":"https:\/\/www.nightflow.com\/fr\/wp-json\/wp\/v2\/media\/14"}],"wp:attachment":[{"href":"https:\/\/www.nightflow.com\/fr\/wp-json\/wp\/v2\/media?parent=13"}],"curies":[{"name":"wp","href":"https:\/\/api.w.org\/{rel}","templated":true}]}}