{"id":4,"date":"2019-05-10T08:44:29","date_gmt":"2019-05-10T08:44:29","guid":{"rendered":"http:\/\/www.nightflow.com\/?page_id=11"},"modified":"2021-08-30T17:42:52","modified_gmt":"2021-08-30T17:42:52","slug":"nightflow-com","status":"publish","type":"page","link":"https:\/\/www.nightflow.com\/fr\/","title":{"rendered":"Nightflow.com"},"content":{"rendered":"<section class=\"l-section wpb_row height_medium full_height valign_center\"><div class=\"l-section-h i-cf\"><div class=\"g-cols vc_row via_flex valign_top type_default stacking_default\"><div class=\"vc_col-sm-12 wpb_column vc_column_container\"><div class=\"vc_column-inner\"><div class=\"wpb_wrapper\"><div class=\"g-cols wpb_row via_flex valign_top type_default stacking_default\"><div class=\"vc_col-sm-6 wpb_column vc_column_container\"><div class=\"vc_column-inner\"><div class=\"wpb_wrapper\"><div class=\"w-image align_none\"><div class=\"w-image-h\"><img decoding=\"async\" width=\"300\" height=\"92\" src=\"https:\/\/www.nightflow.com\/fr\/wp-content\/uploads\/2021\/08\/nightflow-e1623769378729-3-300x92.png\" class=\"attachment-medium size-medium\" alt=\"\" loading=\"lazy\" srcset=\"https:\/\/www.nightflow.com\/fr\/wp-content\/uploads\/2021\/08\/nightflow-e1623769378729-3-300x92.png 300w, https:\/\/www.nightflow.com\/fr\/wp-content\/uploads\/2021\/08\/nightflow-e1623769378729-3.png 500w\" sizes=\"(max-width: 300px) 100vw, 300px\" \/><\/div><\/div><div class=\"w-separator size_small\"><\/div><div class=\"wpb_text_column\"><div class=\"wpb_wrapper\"><h3>Planifiez votre prochaine sortie.<\/h3>\n<\/div><\/div><div class=\"wpb_text_column\"><div class=\"wpb_wrapper\"><p>Des milliers de guides de la vie nocturne, de clubs recommand\u00e9s et de choses \u00e0 faire la nuit.<\/p>\n<\/div><\/div><div class=\"w-separator size_small\"><\/div><div class=\"w-search us_custom_ce2ab782 layout_simple iconpos_right\"><div class=\"w-search-form\"><form class=\"w-form-row for_text\" role=\"search\" action=\"https:\/\/www.nightflow.com\/fr\/\" method=\"get\"><div class=\"w-form-row-field\"><input type=\"text\" name=\"s\" placeholder=\"Discover A City\" aria-label=\"Discover A City\" value\/><\/div><button class=\"w-search-form-btn w-btn\" type=\"submit\" aria-label=\"Search\" style=\"--icon-size:20px;\"><i class=\"fas fa-search\"><\/i><\/button><\/form><\/div><\/div><\/div><\/div><\/div><div class=\"vc_col-sm-6 wpb_column vc_column_container\"><div class=\"vc_column-inner\"><div class=\"wpb_wrapper\"><\/div><\/div><\/div><\/div><\/div><\/div><\/div><\/div><\/div><\/section><section class=\"l-section wpb_row height_small\"><div class=\"l-section-h i-cf\"><div class=\"g-cols vc_row via_flex valign_top type_default stacking_default\"><div class=\"vc_col-sm-12 wpb_column vc_column_container\"><div class=\"vc_column-inner\"><div class=\"wpb_wrapper\"><div class=\"g-cols wpb_row via_flex valign_top type_default stacking_default\"><div class=\"vc_col-sm-6 wpb_column vc_column_container\"><div class=\"vc_column-inner\"><div class=\"wpb_wrapper\"><div class=\"wpb_text_column\"><div class=\"wpb_wrapper\"><h3>Comment cela fonctionne<\/h3>\n<p>Vous pr\u00e9voyez de sortir le soir?<\/p>\n<p>Alors cherchez la ville ou le club qui vous int\u00e9resse dans la barre ci-dessus ou trouvez-le dans la liste ci-dessous. Consultez nos guides pour trouver le club id\u00e9al pour vous. Et enfin, vous pouvez vous inscrire sur la liste des invit\u00e9s, r\u00e9server des tables VIP ou acheter des billets pour la soir\u00e9e de votre choix.<\/p>\n<p>C&#8217;est aussi simple que cela.<\/p>\n<\/div><\/div><\/div><\/div><\/div><div class=\"vc_col-sm-6 wpb_column vc_column_container\"><div class=\"vc_column-inner\"><div class=\"wpb_wrapper\"><\/div><\/div><\/div><\/div><\/div><\/div><\/div><\/div><\/div><\/section><section class=\"l-section wpb_row height_small\"><div class=\"l-section-h i-cf\"><div class=\"g-cols vc_row via_flex valign_top type_default stacking_default\"><div class=\"vc_col-sm-4 wpb_column vc_column_container\"><div class=\"vc_column-inner\"><div class=\"wpb_wrapper\"><\/div><\/div><\/div><div class=\"vc_col-sm-4 wpb_column vc_column_container\"><div class=\"vc_column-inner\"><div class=\"wpb_wrapper\"><\/div><\/div><\/div><div class=\"vc_col-sm-4 wpb_column vc_column_container\"><div class=\"vc_column-inner\"><div class=\"wpb_wrapper\"><\/div><\/div><\/div><\/div><\/div><\/section>\n","protected":false},"excerpt":{"rendered":"Planifiez votre prochaine sortie. Des milliers de guides de la vie nocturne, de clubs recommand\u00e9s et de choses \u00e0 faire la nuit. Comment cela fonctionne Vous pr\u00e9voyez de sortir le soir? Alors cherchez la ville ou le club qui vous int\u00e9resse dans la barre ci-dessus ou trouvez-le dans la liste ci-dessous. Consultez nos guides pour...","protected":false},"author":1,"featured_media":0,"parent":0,"menu_order":0,"comment_status":"closed","ping_status":"closed","template":"","meta":{"rank_math_lock_modified_date":false,"_glsr_average":0,"_glsr_ranking":0,"_glsr_reviews":0,"footnotes":""},"class_list":["post-4","page","type-page","status-publish","hentry"],"_links":{"self":[{"href":"https:\/\/www.nightflow.com\/fr\/wp-json\/wp\/v2\/pages\/4"}],"collection":[{"href":"https:\/\/www.nightflow.com\/fr\/wp-json\/wp\/v2\/pages"}],"about":[{"href":"https:\/\/www.nightflow.com\/fr\/wp-json\/wp\/v2\/types\/page"}],"author":[{"embeddable":true,"href":"https:\/\/www.nightflow.com\/fr\/wp-json\/wp\/v2\/users\/1"}],"replies":[{"embeddable":true,"href":"https:\/\/www.nightflow.com\/fr\/wp-json\/wp\/v2\/comments?post=4"}],"version-history":[{"count":1,"href":"https:\/\/www.nightflow.com\/fr\/wp-json\/wp\/v2\/pages\/4\/revisions"}],"predecessor-version":[{"id":7,"href":"https:\/\/www.nightflow.com\/fr\/wp-json\/wp\/v2\/pages\/4\/revisions\/7"}],"wp:attachment":[{"href":"https:\/\/www.nightflow.com\/fr\/wp-json\/wp\/v2\/media?parent=4"}],"curies":[{"name":"wp","href":"https:\/\/api.w.org\/{rel}","templated":true}]}}