{"id":857,"date":"2020-12-05T16:06:44","date_gmt":"2020-12-05T16:06:44","guid":{"rendered":"https:\/\/www.nightflow.com\/?page_id=18921"},"modified":"2021-09-14T20:59:12","modified_gmt":"2021-09-14T20:59:12","slug":"marseille","status":"publish","type":"page","link":"https:\/\/www.nightflow.com\/fr\/marseille\/","title":{"rendered":"Marseille"},"content":{"rendered":"<section class=\"l-section wpb_row height_small\"><div class=\"l-section-h i-cf\"><div class=\"g-cols vc_row via_flex valign_top type_default stacking_default\"><div class=\"vc_col-sm-12 wpb_column vc_column_container\"><div class=\"vc_column-inner\"><div class=\"wpb_wrapper\"><div class=\"wpb_text_column\"><div class=\"wpb_wrapper\"><h1 style=\"text-align: left;\">Marseille la nuit<\/h1>\n<h4 style=\"text-align: left;\">Passez \u00e0 notre s\u00e9lection des meilleures bo\u00eetes de nuit et des meilleurs bars. Ou consultez nos guides pour d\u00e9couvrir la vie nocturne \u00e0 Marseille. Et enfin, consultez nos id\u00e9es sur les activit\u00e9s nocturnes \u00e0 Marseille.<\/h4>\n<\/div><\/div><div class=\"w-separator size_small\"><\/div><div class=\"w-image us_custom_9cf479d2 style_shadow-1 align_left us_animate_fade\"><div class=\"w-image-h\"><img decoding=\"async\" width=\"512\" height=\"500\" src=\"https:\/\/www.nightflow.com\/fr\/wp-content\/uploads\/2022\/06\/Quarterly-Bar-Dallas-feat-512x500.jpg\" class=\"attachment-us_1536_500_crop size-us_1536_500_crop\" alt=\"\" loading=\"lazy\" \/><\/div><\/div><div class=\"w-separator size_small\"><\/div><div class=\"wpb_text_column\"><div class=\"wpb_wrapper\"><h4>\u00c0 propos de Marseille<\/h4>\n<\/div><\/div><\/div><\/div><\/div><\/div><\/div><\/section><section class=\"l-section wpb_row height_small\" id=\"clubs\"><div class=\"l-section-h i-cf\"><div class=\"g-cols vc_row via_flex valign_top type_default stacking_default\"><div class=\"vc_col-sm-12 wpb_column vc_column_container\"><div class=\"vc_column-inner\"><div class=\"wpb_wrapper\"><div class=\"wpb_text_column\"><div class=\"wpb_wrapper\"><h4>Bo\u00eetes de nuit \u00e0 Marseille<\/h4>\n<\/div><\/div><div class=\"w-separator size_small\"><\/div><div class=\"w-grid type_carousel layout_10907 cols_4\" id=\"us_grid_1\" style=\"--gap:1rem;\"><style>.layout_10907 .w-grid-item-h{}.layout_10907 .usg_post_image_1{margin-bottom:0.5rem!important}.layout_10907 .usg_post_title_1{font-size:1rem!important}<\/style><div class=\"w-grid-list owl-carousel navstyle_circle navpos_outside\" style=\"--arrows-size:1.8rem;\">\t<article class=\"w-grid-item post-873 us_portfolio type-us_portfolio status-publish has-post-thumbnail hentry us_portfolio_category-nightclub us_portfolio_tag-marseille\" data-id=\"873\">\r\n\t\t<div class=\"w-grid-item-h\">\r\n\t\t\t\t\t\t<div class=\"w-post-elm post_image usg_post_image_1 stretched\"><a href=\"https:\/\/www.nightflow.com\/fr\/le-bazar\/\" aria-label=\"Le Bazar Marseille\"><img decoding=\"async\" width=\"959\" height=\"640\" src=\"https:\/\/www.nightflow.com\/fr\/wp-content\/uploads\/2021\/09\/Le-Bazar-Marseille.jpg\" class=\"attachment-large size-large wp-post-image\" alt=\"\" srcset=\"https:\/\/www.nightflow.com\/fr\/wp-content\/uploads\/2021\/09\/Le-Bazar-Marseille.jpg 959w, https:\/\/www.nightflow.com\/fr\/wp-content\/uploads\/2021\/09\/Le-Bazar-Marseille-300x200.jpg 300w\" sizes=\"(max-width: 959px) 100vw, 959px\" \/><\/a><\/div><h2 class=\"w-post-elm post_title usg_post_title_1 entry-title color_link_inherit\"><a href=\"https:\/\/www.nightflow.com\/fr\/le-bazar\/\">Le Bazar Marseille<\/a><\/h2>\t\t<\/div>\r\n\t\t\t<\/article>\r\n\t<article class=\"w-grid-item post-874 us_portfolio type-us_portfolio status-publish has-post-thumbnail hentry us_portfolio_category-nightclub us_portfolio_tag-marseille\" data-id=\"874\">\r\n\t\t<div class=\"w-grid-item-h\">\r\n\t\t\t\t\t\t<div class=\"w-post-elm post_image usg_post_image_1 stretched\"><a href=\"https:\/\/www.nightflow.com\/fr\/chez-pablo-dealer-de-bonheur-marseille\/\" aria-label=\"Chez Pablo Dealer de Bonheur Marseille\"><img decoding=\"async\" width=\"683\" height=\"1024\" src=\"https:\/\/www.nightflow.com\/fr\/wp-content\/uploads\/2021\/09\/Chez-Pablo-Dealer-de-Bonheur-Marseille-683x1024.jpg\" class=\"attachment-large size-large wp-post-image\" alt=\"\" srcset=\"https:\/\/www.nightflow.com\/fr\/wp-content\/uploads\/2021\/09\/Chez-Pablo-Dealer-de-Bonheur-Marseille-683x1024.jpg 683w, https:\/\/www.nightflow.com\/fr\/wp-content\/uploads\/2021\/09\/Chez-Pablo-Dealer-de-Bonheur-Marseille-200x300.jpg 200w, https:\/\/www.nightflow.com\/fr\/wp-content\/uploads\/2021\/09\/Chez-Pablo-Dealer-de-Bonheur-Marseille.jpg 1024w\" sizes=\"(max-width: 683px) 100vw, 683px\" \/><\/a><\/div><h2 class=\"w-post-elm post_title usg_post_title_1 entry-title color_link_inherit\"><a href=\"https:\/\/www.nightflow.com\/fr\/chez-pablo-dealer-de-bonheur-marseille\/\">Chez Pablo Dealer de Bonheur Marseille<\/a><\/h2>\t\t<\/div>\r\n\t\t\t<\/article>\r\n\t<article class=\"w-grid-item post-876 us_portfolio type-us_portfolio status-publish has-post-thumbnail hentry us_portfolio_category-nightclub us_portfolio_tag-marseille\" data-id=\"876\">\r\n\t\t<div class=\"w-grid-item-h\">\r\n\t\t\t\t\t\t<div class=\"w-post-elm post_image usg_post_image_1 stretched\"><a href=\"https:\/\/www.nightflow.com\/fr\/trolleybus-marseille\/\" aria-label=\"Trolleybus Marseille\"><img decoding=\"async\" width=\"1024\" height=\"683\" src=\"https:\/\/www.nightflow.com\/fr\/wp-content\/uploads\/2021\/09\/Trolleybus-Marseille-1024x683.jpg\" class=\"attachment-large size-large wp-post-image\" alt=\"\" srcset=\"https:\/\/www.nightflow.com\/fr\/wp-content\/uploads\/2021\/09\/Trolleybus-Marseille-1024x683.jpg 1024w, https:\/\/www.nightflow.com\/fr\/wp-content\/uploads\/2021\/09\/Trolleybus-Marseille-300x200.jpg 300w, https:\/\/www.nightflow.com\/fr\/wp-content\/uploads\/2021\/09\/Trolleybus-Marseille.jpg 1536w\" sizes=\"(max-width: 1024px) 100vw, 1024px\" \/><\/a><\/div><h2 class=\"w-post-elm post_title usg_post_title_1 entry-title color_link_inherit\"><a href=\"https:\/\/www.nightflow.com\/fr\/trolleybus-marseille\/\">Trolleybus Marseille<\/a><\/h2>\t\t<\/div>\r\n\t\t\t<\/article>\r\n\t<article class=\"w-grid-item post-878 us_portfolio type-us_portfolio status-publish has-post-thumbnail hentry us_portfolio_category-nightclub us_portfolio_tag-marseille\" data-id=\"878\">\r\n\t\t<div class=\"w-grid-item-h\">\r\n\t\t\t\t\t\t<div class=\"w-post-elm post_image usg_post_image_1 stretched\"><a href=\"https:\/\/www.nightflow.com\/fr\/nouveau-cancan-marseille\/\" aria-label=\"Nouveau Cancan Marseille\"><img decoding=\"async\" width=\"1024\" height=\"1024\" src=\"https:\/\/www.nightflow.com\/fr\/wp-content\/uploads\/2021\/09\/Azar-Club-Lyon-1024x1024.jpg\" class=\"attachment-large size-large wp-post-image\" alt=\"\" srcset=\"https:\/\/www.nightflow.com\/fr\/wp-content\/uploads\/2021\/09\/Azar-Club-Lyon.jpg 1024w, https:\/\/www.nightflow.com\/fr\/wp-content\/uploads\/2021\/09\/Azar-Club-Lyon-300x300.jpg 300w, https:\/\/www.nightflow.com\/fr\/wp-content\/uploads\/2021\/09\/Azar-Club-Lyon-150x150.jpg 150w\" sizes=\"(max-width: 1024px) 100vw, 1024px\" \/><\/a><\/div><h2 class=\"w-post-elm post_title usg_post_title_1 entry-title color_link_inherit\"><a href=\"https:\/\/www.nightflow.com\/fr\/nouveau-cancan-marseille\/\">Nouveau Cancan Marseille<\/a><\/h2>\t\t<\/div>\r\n\t\t\t<\/article>\r\n\t<article class=\"w-grid-item post-879 us_portfolio type-us_portfolio status-publish has-post-thumbnail hentry us_portfolio_category-nightclub us_portfolio_tag-marseille\" data-id=\"879\">\r\n\t\t<div class=\"w-grid-item-h\">\r\n\t\t\t\t\t\t<div class=\"w-post-elm post_image usg_post_image_1 stretched\"><a href=\"https:\/\/www.nightflow.com\/fr\/baby-club-marseille\/\" aria-label=\"Baby Club Marseille\"><img decoding=\"async\" width=\"960\" height=\"640\" src=\"https:\/\/www.nightflow.com\/fr\/wp-content\/uploads\/2021\/09\/Baby-Club-Marseille.jpg\" class=\"attachment-large size-large wp-post-image\" alt=\"\" srcset=\"https:\/\/www.nightflow.com\/fr\/wp-content\/uploads\/2021\/09\/Baby-Club-Marseille.jpg 960w, https:\/\/www.nightflow.com\/fr\/wp-content\/uploads\/2021\/09\/Baby-Club-Marseille-300x200.jpg 300w\" sizes=\"(max-width: 960px) 100vw, 960px\" \/><\/a><\/div><h2 class=\"w-post-elm post_title usg_post_title_1 entry-title color_link_inherit\"><a href=\"https:\/\/www.nightflow.com\/fr\/baby-club-marseille\/\">Baby Club Marseille<\/a><\/h2>\t\t<\/div>\r\n\t\t\t<\/article>\r\n\t<article class=\"w-grid-item post-880 us_portfolio type-us_portfolio status-publish has-post-thumbnail hentry us_portfolio_category-nightclub us_portfolio_tag-marseille\" data-id=\"880\">\r\n\t\t<div class=\"w-grid-item-h\">\r\n\t\t\t\t\t\t<div class=\"w-post-elm post_image usg_post_image_1 stretched\"><a href=\"https:\/\/www.nightflow.com\/fr\/bounce-club-marseille\/\" aria-label=\"Bounce club Marseille\"><img decoding=\"async\" width=\"1024\" height=\"1024\" src=\"https:\/\/www.nightflow.com\/fr\/wp-content\/uploads\/2021\/09\/Bounce-club-Marseille-1024x1024.jpg\" class=\"attachment-large size-large wp-post-image\" alt=\"\" srcset=\"https:\/\/www.nightflow.com\/fr\/wp-content\/uploads\/2021\/09\/Bounce-club-Marseille.jpg 1024w, https:\/\/www.nightflow.com\/fr\/wp-content\/uploads\/2021\/09\/Bounce-club-Marseille-300x300.jpg 300w, https:\/\/www.nightflow.com\/fr\/wp-content\/uploads\/2021\/09\/Bounce-club-Marseille-150x150.jpg 150w\" sizes=\"(max-width: 1024px) 100vw, 1024px\" \/><\/a><\/div><h2 class=\"w-post-elm post_title usg_post_title_1 entry-title color_link_inherit\"><a href=\"https:\/\/www.nightflow.com\/fr\/bounce-club-marseille\/\">Bounce club Marseille<\/a><\/h2>\t\t<\/div>\r\n\t\t\t<\/article>\r\n<\/div>\t<div class=\"g-preloader type_1\">\r\n\t\t<div><\/div>\r\n\t<\/div>\r\n\t\t<div class=\"w-grid-json hidden\" onclick='return {&quot;action&quot;:&quot;us_ajax_grid&quot;,&quot;infinite_scroll&quot;:0,&quot;max_num_pages&quot;:1,&quot;pagination&quot;:&quot;none&quot;,&quot;template_vars&quot;:{&quot;columns&quot;:&quot;4&quot;,&quot;exclude_items&quot;:&quot;none&quot;,&quot;img_size&quot;:&quot;default&quot;,&quot;ignore_items_size&quot;:0,&quot;items_layout&quot;:&quot;10907&quot;,&quot;items_offset&quot;:&quot;1&quot;,&quot;load_animation&quot;:&quot;none&quot;,&quot;overriding_link&quot;:&quot;{\\&quot;url\\&quot;:\\&quot;\\&quot;}&quot;,&quot;post_id&quot;:0,&quot;query_args&quot;:{&quot;post_type&quot;:[&quot;us_portfolio&quot;],&quot;tax_query&quot;:[{&quot;taxonomy&quot;:&quot;us_portfolio_category&quot;,&quot;field&quot;:&quot;slug&quot;,&quot;terms&quot;:[&quot;club&quot;,&quot;nightclub&quot;]},{&quot;taxonomy&quot;:&quot;us_portfolio_tag&quot;,&quot;field&quot;:&quot;slug&quot;,&quot;terms&quot;:[&quot;marseille&quot;]}],&quot;post_status&quot;:[&quot;publish&quot;],&quot;posts_per_page&quot;:&quot;10&quot;},&quot;orderby_query_args&quot;:{&quot;orderby&quot;:{&quot;date&quot;:&quot;DESC&quot;}},&quot;type&quot;:&quot;carousel&quot;,&quot;us_grid_post_type&quot;:&quot;us_portfolio&quot;,&quot;us_grid_ajax_index&quot;:1,&quot;us_grid_filter_query_string&quot;:null,&quot;us_grid_index&quot;:1,&quot;page_args&quot;:[]},&quot;carousel_settings&quot;:{&quot;autoHeight&quot;:0,&quot;autoplay&quot;:0,&quot;carousel_fade&quot;:0,&quot;center&quot;:0,&quot;dots&quot;:0,&quot;items&quot;:&quot;4&quot;,&quot;loop&quot;:1,&quot;nav&quot;:1,&quot;slideby&quot;:&quot;1&quot;,&quot;smooth_play&quot;:0,&quot;speed&quot;:250,&quot;timeout&quot;:3000,&quot;transition&quot;:&quot;&quot;,&quot;aria_labels&quot;:{&quot;prev&quot;:&quot;Previous&quot;,&quot;next&quot;:&quot;Next&quot;}},&quot;carousel_breakpoints&quot;:{&quot;0&quot;:{&quot;autoHeight&quot;:0,&quot;autoplay&quot;:1,&quot;autoplayHoverPause&quot;:1,&quot;items&quot;:1,&quot;loop&quot;:true,&quot;stagePadding&quot;:0},&quot;601&quot;:{&quot;autoHeight&quot;:0,&quot;autoplay&quot;:1,&quot;autoplayHoverPause&quot;:1,&quot;items&quot;:2,&quot;loop&quot;:1,&quot;stagePadding&quot;:0},&quot;1025&quot;:{&quot;autoHeight&quot;:0,&quot;autoplay&quot;:1,&quot;autoplayHoverPause&quot;:1,&quot;items&quot;:3,&quot;loop&quot;:1,&quot;stagePadding&quot;:0},&quot;1281&quot;:{&quot;items&quot;:4,&quot;stagePadding&quot;:0}}}'><\/div>\r\n\t<\/div><\/div><\/div><\/div><\/div><\/div><\/section><section class=\"l-section wpb_row height_small\" id=\"article\"><div class=\"l-section-h i-cf\"><div class=\"g-cols vc_row via_flex valign_top type_default stacking_default\"><div class=\"vc_col-sm-12 wpb_column vc_column_container\"><div class=\"vc_column-inner\"><div class=\"wpb_wrapper\"><div class=\"wpb_text_column\"><div class=\"wpb_wrapper\"><h4>D\u00e9couvrez la vie nocturne de Marseille<\/h4>\n<\/div><\/div><div class=\"w-separator size_small\"><\/div><div class=\"w-grid type_grid layout_10920 cols_3\" id=\"us_grid_2\" style=\"--gap:1.5rem;\" data-filterable=\"true\"><style>@media (max-width:1024px){#us_grid_2 .w-grid-item{width:50%}}@media (max-width:600px){#us_grid_2 .w-grid-list{margin:0}#us_grid_2 .w-grid-item{width:100%;padding:0;margin-bottom:var(--gap,0px)}}.layout_10920 .w-grid-item-h{}.layout_10920 .usg_post_image_1{margin-bottom:0.5rem!important}.layout_10920 .usg_post_title_1{font-size:1rem!important}<\/style><div class=\"w-grid-list\">\t<article class=\"w-grid-item size_1x1 post-666 post type-post status-publish format-standard has-post-thumbnail hentry category-city-guide tag-marseille\" data-id=\"666\">\r\n\t\t<div class=\"w-grid-item-h\">\r\n\t\t\t\t\t\t<div class=\"w-post-elm post_image usg_post_image_1 stretched\"><a href=\"https:\/\/www.nightflow.com\/fr\/marseille-nightlife\/\" aria-label=\"La vie nocturne \u00e0 Marseille &#8211; Guide complet\"><img decoding=\"async\" width=\"800\" height=\"533\" src=\"https:\/\/www.nightflow.com\/fr\/wp-content\/uploads\/2021\/09\/marseille-nightlife.jpg\" class=\"attachment-large size-large wp-post-image\" alt=\"\" srcset=\"https:\/\/www.nightflow.com\/fr\/wp-content\/uploads\/2021\/09\/marseille-nightlife.jpg 800w, https:\/\/www.nightflow.com\/fr\/wp-content\/uploads\/2021\/09\/marseille-nightlife-300x200.jpg 300w\" sizes=\"(max-width: 800px) 100vw, 800px\" \/><\/a><\/div><h2 class=\"w-post-elm post_title usg_post_title_1 entry-title color_link_inherit\"><a href=\"https:\/\/www.nightflow.com\/fr\/marseille-nightlife\/\">La vie nocturne \u00e0 Marseille &#8211; Guide complet<\/a><\/h2>\t\t<\/div>\r\n\t\t\t<\/article>\r\n\t<article class=\"w-grid-item size_1x1 post-664 post type-post status-publish format-standard has-post-thumbnail hentry category-club-guide tag-marseille\" data-id=\"664\">\r\n\t\t<div class=\"w-grid-item-h\">\r\n\t\t\t\t\t\t<div class=\"w-post-elm post_image usg_post_image_1 stretched\"><a href=\"https:\/\/www.nightflow.com\/fr\/boites-de-nuit-dans-marseille\/\" aria-label=\"Meilleures bo\u00eetes de nuit \u00e0 Marseille\"><img decoding=\"async\" width=\"1024\" height=\"1024\" src=\"https:\/\/www.nightflow.com\/fr\/wp-content\/uploads\/2021\/09\/Bounce-club-Marseille-1024x1024.jpg\" class=\"attachment-large size-large wp-post-image\" alt=\"\" srcset=\"https:\/\/www.nightflow.com\/fr\/wp-content\/uploads\/2021\/09\/Bounce-club-Marseille.jpg 1024w, https:\/\/www.nightflow.com\/fr\/wp-content\/uploads\/2021\/09\/Bounce-club-Marseille-300x300.jpg 300w, https:\/\/www.nightflow.com\/fr\/wp-content\/uploads\/2021\/09\/Bounce-club-Marseille-150x150.jpg 150w\" sizes=\"(max-width: 1024px) 100vw, 1024px\" \/><\/a><\/div><h2 class=\"w-post-elm post_title usg_post_title_1 entry-title color_link_inherit\"><a href=\"https:\/\/www.nightflow.com\/fr\/boites-de-nuit-dans-marseille\/\">Meilleures bo\u00eetes de nuit \u00e0 Marseille<\/a><\/h2>\t\t<\/div>\r\n\t\t\t<\/article>\r\n\t<article class=\"w-grid-item size_1x1 post-662 post type-post status-publish format-standard has-post-thumbnail hentry category-club-guide tag-marseille\" data-id=\"662\">\r\n\t\t<div class=\"w-grid-item-h\">\r\n\t\t\t\t\t\t<div class=\"w-post-elm post_image usg_post_image_1 stretched\"><a href=\"https:\/\/www.nightflow.com\/fr\/hip-hop-clubs-en-marseille\/\" aria-label=\"Clubs hip-hop \u00e0 Marseille\"><img decoding=\"async\" width=\"960\" height=\"640\" src=\"https:\/\/www.nightflow.com\/fr\/wp-content\/uploads\/2021\/09\/Baby-Club-Marseille.jpg\" class=\"attachment-large size-large wp-post-image\" alt=\"\" srcset=\"https:\/\/www.nightflow.com\/fr\/wp-content\/uploads\/2021\/09\/Baby-Club-Marseille.jpg 960w, https:\/\/www.nightflow.com\/fr\/wp-content\/uploads\/2021\/09\/Baby-Club-Marseille-300x200.jpg 300w\" sizes=\"(max-width: 960px) 100vw, 960px\" \/><\/a><\/div><h2 class=\"w-post-elm post_title usg_post_title_1 entry-title color_link_inherit\"><a href=\"https:\/\/www.nightflow.com\/fr\/hip-hop-clubs-en-marseille\/\">Clubs hip-hop \u00e0 Marseille<\/a><\/h2>\t\t<\/div>\r\n\t\t\t<\/article>\r\n\t<article class=\"w-grid-item size_1x1 post-660 post type-post status-publish format-standard has-post-thumbnail hentry category-club-guide tag-marseille\" data-id=\"660\">\r\n\t\t<div class=\"w-grid-item-h\">\r\n\t\t\t\t\t\t<div class=\"w-post-elm post_image usg_post_image_1 stretched\"><a href=\"https:\/\/www.nightflow.com\/fr\/techno-clubs-en-marseille\/\" aria-label=\"Clubs techno \u00e0 Marseille\"><img decoding=\"async\" width=\"959\" height=\"640\" src=\"https:\/\/www.nightflow.com\/fr\/wp-content\/uploads\/2021\/09\/Le-Bazar-Marseille.jpg\" class=\"attachment-large size-large wp-post-image\" alt=\"\" srcset=\"https:\/\/www.nightflow.com\/fr\/wp-content\/uploads\/2021\/09\/Le-Bazar-Marseille.jpg 959w, https:\/\/www.nightflow.com\/fr\/wp-content\/uploads\/2021\/09\/Le-Bazar-Marseille-300x200.jpg 300w\" sizes=\"(max-width: 959px) 100vw, 959px\" \/><\/a><\/div><h2 class=\"w-post-elm post_title usg_post_title_1 entry-title color_link_inherit\"><a href=\"https:\/\/www.nightflow.com\/fr\/techno-clubs-en-marseille\/\">Clubs techno \u00e0 Marseille<\/a><\/h2>\t\t<\/div>\r\n\t\t\t<\/article>\r\n\t<article class=\"w-grid-item size_1x1 post-659 post type-post status-publish format-standard has-post-thumbnail hentry category-club-guide tag-marseille\" data-id=\"659\">\r\n\t\t<div class=\"w-grid-item-h\">\r\n\t\t\t\t\t\t<div class=\"w-post-elm post_image usg_post_image_1 stretched\"><a href=\"https:\/\/www.nightflow.com\/fr\/latin-clubs-in-marseille\/\" aria-label=\"Clubs latinos \u00e0 Marseille\"><img decoding=\"async\" width=\"959\" height=\"640\" src=\"https:\/\/www.nightflow.com\/fr\/wp-content\/uploads\/2021\/09\/Le-Bazar-Marseille.jpg\" class=\"attachment-large size-large wp-post-image\" alt=\"\" srcset=\"https:\/\/www.nightflow.com\/fr\/wp-content\/uploads\/2021\/09\/Le-Bazar-Marseille.jpg 959w, https:\/\/www.nightflow.com\/fr\/wp-content\/uploads\/2021\/09\/Le-Bazar-Marseille-300x200.jpg 300w\" sizes=\"(max-width: 959px) 100vw, 959px\" \/><\/a><\/div><h2 class=\"w-post-elm post_title usg_post_title_1 entry-title color_link_inherit\"><a href=\"https:\/\/www.nightflow.com\/fr\/latin-clubs-in-marseille\/\">Clubs latinos \u00e0 Marseille<\/a><\/h2>\t\t<\/div>\r\n\t\t\t<\/article>\r\n<\/div><div class=\"w-grid-preloader\">\t<div class=\"g-preloader type_1\">\r\n\t\t<div><\/div>\r\n\t<\/div>\r\n\t<\/div>\t<div class=\"w-grid-json hidden\" onclick='return {&quot;action&quot;:&quot;us_ajax_grid&quot;,&quot;infinite_scroll&quot;:0,&quot;max_num_pages&quot;:1,&quot;pagination&quot;:&quot;none&quot;,&quot;template_vars&quot;:{&quot;columns&quot;:&quot;3&quot;,&quot;exclude_items&quot;:&quot;none&quot;,&quot;img_size&quot;:&quot;default&quot;,&quot;ignore_items_size&quot;:0,&quot;items_layout&quot;:&quot;10920&quot;,&quot;items_offset&quot;:&quot;1&quot;,&quot;load_animation&quot;:&quot;none&quot;,&quot;overriding_link&quot;:&quot;{\\&quot;url\\&quot;:\\&quot;\\&quot;}&quot;,&quot;post_id&quot;:0,&quot;query_args&quot;:{&quot;post_type&quot;:[&quot;post&quot;],&quot;tax_query&quot;:[{&quot;taxonomy&quot;:&quot;post_tag&quot;,&quot;field&quot;:&quot;slug&quot;,&quot;terms&quot;:[&quot;marseille&quot;]}],&quot;post_status&quot;:[&quot;publish&quot;],&quot;posts_per_page&quot;:&quot;12&quot;},&quot;orderby_query_args&quot;:{&quot;orderby&quot;:{&quot;date&quot;:&quot;ASC&quot;}},&quot;type&quot;:&quot;grid&quot;,&quot;us_grid_post_type&quot;:&quot;post&quot;,&quot;us_grid_ajax_index&quot;:2,&quot;us_grid_filter_query_string&quot;:null,&quot;us_grid_index&quot;:2,&quot;page_args&quot;:[]}}'><\/div>\r\n\t<\/div><\/div><\/div><\/div><\/div><\/div><\/section><section class=\"l-section wpb_row height_small\" id=\"things\"><div class=\"l-section-h i-cf\"><div class=\"g-cols vc_row via_flex valign_top type_default stacking_default\"><div class=\"vc_col-sm-12 wpb_column vc_column_container\"><div class=\"vc_column-inner\"><div class=\"wpb_wrapper\"><div class=\"wpb_text_column\"><div class=\"wpb_wrapper\"><h1>Les choses \u00e0 faire la nuit \u00e0 Marseille<\/h1>\n<\/div><\/div><\/div><\/div><\/div><\/div><\/div><\/section>\n","protected":false},"excerpt":{"rendered":"Vous \u00eates \u00e0 la recherche des clubs latinos les plus anim\u00e9s de Marseille Alors nous avons ce qu'il vous faut Sur cette page, vous trouverez la liste officielle des meilleurs clubs latinos de Marseille (Plus de d\u00e9tails plus bas) Articles que vous aimerez aussi : La vie nocturne \u00e0 Marseille - Un guide que vous...","protected":false},"author":1,"featured_media":858,"parent":0,"menu_order":0,"comment_status":"closed","ping_status":"closed","template":"","meta":{"rank_math_lock_modified_date":false,"_glsr_average":0,"_glsr_ranking":0,"_glsr_reviews":0,"footnotes":""},"class_list":["post-857","page","type-page","status-publish","has-post-thumbnail","hentry"],"_links":{"self":[{"href":"https:\/\/www.nightflow.com\/fr\/wp-json\/wp\/v2\/pages\/857"}],"collection":[{"href":"https:\/\/www.nightflow.com\/fr\/wp-json\/wp\/v2\/pages"}],"about":[{"href":"https:\/\/www.nightflow.com\/fr\/wp-json\/wp\/v2\/types\/page"}],"author":[{"embeddable":true,"href":"https:\/\/www.nightflow.com\/fr\/wp-json\/wp\/v2\/users\/1"}],"replies":[{"embeddable":true,"href":"https:\/\/www.nightflow.com\/fr\/wp-json\/wp\/v2\/comments?post=857"}],"version-history":[{"count":2,"href":"https:\/\/www.nightflow.com\/fr\/wp-json\/wp\/v2\/pages\/857\/revisions"}],"predecessor-version":[{"id":872,"href":"https:\/\/www.nightflow.com\/fr\/wp-json\/wp\/v2\/pages\/857\/revisions\/872"}],"wp:featuredmedia":[{"embeddable":true,"href":"https:\/\/www.nightflow.com\/fr\/wp-json\/wp\/v2\/media\/858"}],"wp:attachment":[{"href":"https:\/\/www.nightflow.com\/fr\/wp-json\/wp\/v2\/media?parent=857"}],"curies":[{"name":"wp","href":"https:\/\/api.w.org\/{rel}","templated":true}]}}