{"id":861,"date":"2020-12-05T16:12:16","date_gmt":"2020-12-05T16:12:16","guid":{"rendered":"https:\/\/www.nightflow.com\/?page_id=18962"},"modified":"2020-12-05T16:12:16","modified_gmt":"2020-12-05T16:12:16","slug":"toulouse","status":"publish","type":"page","link":"https:\/\/www.nightflow.com\/fr\/toulouse\/","title":{"rendered":"Toulouse"},"content":{"rendered":"<section class=\"l-section wpb_row height_small\"><div class=\"l-section-h i-cf\"><div class=\"g-cols vc_row via_flex valign_top type_default stacking_default\"><div class=\"vc_col-sm-12 wpb_column vc_column_container\"><div class=\"vc_column-inner\"><div class=\"wpb_wrapper\"><div class=\"wpb_text_column\"><div class=\"wpb_wrapper\"><h1 style=\"text-align: left;\">Toulouse At Night<\/h1>\n<h4 style=\"text-align: left;\">Skip to our curated selection of the best <a href=\"#clubs\">nightclubs<\/a> and <a href=\"#clubs\">bars<\/a>. Or view our <a href=\"#article\">guides<\/a> to discover the <a href=\"https:\/\/www.nightflow.com\/toulouse-nightlife\/\">nightlife in Toulouse<\/a>. And finally, check out our ideas on <a href=\"#things\">things to do at night in Toulouse<\/a>.<\/h4>\n<\/div><\/div><div class=\"w-separator size_small\"><\/div><div class=\"w-image us_custom_9cf479d2 style_shadow-1 align_left us_animate_fade\"><div class=\"w-image-h\"><img decoding=\"async\" width=\"513\" height=\"500\" src=\"https:\/\/www.nightflow.com\/fr\/wp-content\/uploads\/2022\/06\/Upside-West-Village-Bar-Dallas-feat-513x500.jpg\" class=\"attachment-us_1536_500_crop size-us_1536_500_crop\" alt=\"\" loading=\"lazy\" \/><\/div><\/div><div class=\"w-separator size_small\"><\/div><div class=\"wpb_text_column\"><div class=\"wpb_wrapper\"><h4>About Toulouse<\/h4>\n<\/div><\/div><\/div><\/div><\/div><\/div><\/div><\/section><section class=\"l-section wpb_row height_small\" id=\"clubs\"><div class=\"l-section-h i-cf\"><div class=\"g-cols vc_row via_flex valign_top type_default stacking_default\"><div class=\"vc_col-sm-12 wpb_column vc_column_container\"><div class=\"vc_column-inner\"><div class=\"wpb_wrapper\"><div class=\"wpb_text_column\"><div class=\"wpb_wrapper\"><h4>Nightclubs in Toulouse<\/h4>\n<\/div><\/div><div class=\"w-separator size_small\"><\/div><div class=\"w-grid type_carousel layout_10907 cols_4\" id=\"us_grid_1\" style=\"--gap:1rem;\"><style>.layout_10907 .w-grid-item-h{}.layout_10907 .usg_post_image_1{margin-bottom:0.5rem!important}.layout_10907 .usg_post_title_1{font-size:1rem!important}<\/style><div class=\"w-grid-list owl-carousel navstyle_circle navpos_outside\" style=\"--arrows-size:1.8rem;\">\t<article class=\"w-grid-item post-935 us_portfolio type-us_portfolio status-publish has-post-thumbnail hentry us_portfolio_category-nightclub us_portfolio_tag-toulouse\" data-id=\"935\">\r\n\t\t<div class=\"w-grid-item-h\">\r\n\t\t\t\t\t\t<div class=\"w-post-elm post_image usg_post_image_1 stretched\"><a href=\"https:\/\/www.nightflow.com\/fr\/senso-discotheque-toulouse\/\" aria-label=\"Senso Discoth\u00e8que Toulouse\"><img decoding=\"async\" width=\"1024\" height=\"768\" src=\"https:\/\/www.nightflow.com\/fr\/wp-content\/uploads\/2021\/09\/sensodiscothequetoulouse-1024x768.jpg\" class=\"attachment-large size-large wp-post-image\" alt=\"\" srcset=\"https:\/\/www.nightflow.com\/fr\/wp-content\/uploads\/2021\/09\/sensodiscothequetoulouse-1024x768.jpg 1024w, https:\/\/www.nightflow.com\/fr\/wp-content\/uploads\/2021\/09\/sensodiscothequetoulouse-300x225.jpg 300w, https:\/\/www.nightflow.com\/fr\/wp-content\/uploads\/2021\/09\/sensodiscothequetoulouse.jpg 2048w\" sizes=\"(max-width: 1024px) 100vw, 1024px\" \/><\/a><\/div><h2 class=\"w-post-elm post_title usg_post_title_1 entry-title color_link_inherit\"><a href=\"https:\/\/www.nightflow.com\/fr\/senso-discotheque-toulouse\/\">Senso Discoth\u00e8que Toulouse<\/a><\/h2>\t\t<\/div>\r\n\t\t\t<\/article>\r\n\t<article class=\"w-grid-item post-937 us_portfolio type-us_portfolio status-publish has-post-thumbnail hentry us_portfolio_category-nightclub us_portfolio_tag-toulouse\" data-id=\"937\">\r\n\t\t<div class=\"w-grid-item-h\">\r\n\t\t\t\t\t\t<div class=\"w-post-elm post_image usg_post_image_1 stretched\"><a href=\"https:\/\/www.nightflow.com\/fr\/ubu-club-toulouse\/\" aria-label=\"Ubu Club Toulouse\"><img decoding=\"async\" width=\"835\" height=\"1024\" src=\"https:\/\/www.nightflow.com\/fr\/wp-content\/uploads\/2021\/09\/ubuclubtoulouse-835x1024.jpg\" class=\"attachment-large size-large wp-post-image\" alt=\"\" srcset=\"https:\/\/www.nightflow.com\/fr\/wp-content\/uploads\/2021\/09\/ubuclubtoulouse-835x1024.jpg 835w, https:\/\/www.nightflow.com\/fr\/wp-content\/uploads\/2021\/09\/ubuclubtoulouse-245x300.jpg 245w, https:\/\/www.nightflow.com\/fr\/wp-content\/uploads\/2021\/09\/ubuclubtoulouse.jpg 1547w\" sizes=\"(max-width: 835px) 100vw, 835px\" \/><\/a><\/div><h2 class=\"w-post-elm post_title usg_post_title_1 entry-title color_link_inherit\"><a href=\"https:\/\/www.nightflow.com\/fr\/ubu-club-toulouse\/\">Ubu Club Toulouse<\/a><\/h2>\t\t<\/div>\r\n\t\t\t<\/article>\r\n\t<article class=\"w-grid-item post-939 us_portfolio type-us_portfolio status-publish has-post-thumbnail hentry us_portfolio_category-nightclub us_portfolio_tag-toulouse\" data-id=\"939\">\r\n\t\t<div class=\"w-grid-item-h\">\r\n\t\t\t\t\t\t<div class=\"w-post-elm post_image usg_post_image_1 stretched\"><a href=\"https:\/\/www.nightflow.com\/fr\/le-vanguard-toulouse\/\" aria-label=\"Le Vanguard Toulouse\"><img decoding=\"async\" width=\"1024\" height=\"576\" src=\"https:\/\/www.nightflow.com\/fr\/wp-content\/uploads\/2021\/09\/levanguardtoulouse-1024x576.jpg\" class=\"attachment-large size-large wp-post-image\" alt=\"\" srcset=\"https:\/\/www.nightflow.com\/fr\/wp-content\/uploads\/2021\/09\/levanguardtoulouse-1024x576.jpg 1024w, https:\/\/www.nightflow.com\/fr\/wp-content\/uploads\/2021\/09\/levanguardtoulouse-300x169.jpg 300w, https:\/\/www.nightflow.com\/fr\/wp-content\/uploads\/2021\/09\/levanguardtoulouse.jpg 1345w\" sizes=\"(max-width: 1024px) 100vw, 1024px\" \/><\/a><\/div><h2 class=\"w-post-elm post_title usg_post_title_1 entry-title color_link_inherit\"><a href=\"https:\/\/www.nightflow.com\/fr\/le-vanguard-toulouse\/\">Le Vanguard Toulouse<\/a><\/h2>\t\t<\/div>\r\n\t\t\t<\/article>\r\n\t<article class=\"w-grid-item post-941 us_portfolio type-us_portfolio status-publish has-post-thumbnail hentry us_portfolio_category-nightclub us_portfolio_tag-toulouse\" data-id=\"941\">\r\n\t\t<div class=\"w-grid-item-h\">\r\n\t\t\t\t\t\t<div class=\"w-post-elm post_image usg_post_image_1 stretched\"><a href=\"https:\/\/www.nightflow.com\/fr\/oclub-toulouse\/\" aria-label=\"O&#8217;Club Toulouse\"><img decoding=\"async\" width=\"1024\" height=\"683\" src=\"https:\/\/www.nightflow.com\/fr\/wp-content\/uploads\/2021\/09\/oclubtoulouse-1024x683.jpg\" class=\"attachment-large size-large wp-post-image\" alt=\"\" srcset=\"https:\/\/www.nightflow.com\/fr\/wp-content\/uploads\/2021\/09\/oclubtoulouse-1024x683.jpg 1024w, https:\/\/www.nightflow.com\/fr\/wp-content\/uploads\/2021\/09\/oclubtoulouse-300x200.jpg 300w, https:\/\/www.nightflow.com\/fr\/wp-content\/uploads\/2021\/09\/oclubtoulouse.jpg 1680w\" sizes=\"(max-width: 1024px) 100vw, 1024px\" \/><\/a><\/div><h2 class=\"w-post-elm post_title usg_post_title_1 entry-title color_link_inherit\"><a href=\"https:\/\/www.nightflow.com\/fr\/oclub-toulouse\/\">O&#8217;Club Toulouse<\/a><\/h2>\t\t<\/div>\r\n\t\t\t<\/article>\r\n\t<article class=\"w-grid-item post-943 us_portfolio type-us_portfolio status-publish has-post-thumbnail hentry us_portfolio_category-nightclub us_portfolio_tag-toulouse\" data-id=\"943\">\r\n\t\t<div class=\"w-grid-item-h\">\r\n\t\t\t\t\t\t<div class=\"w-post-elm post_image usg_post_image_1 stretched\"><a href=\"https:\/\/www.nightflow.com\/fr\/loft-club-toulouse\/\" aria-label=\"Loft Club Toulouse\"><img decoding=\"async\" width=\"800\" height=\"533\" src=\"https:\/\/www.nightflow.com\/fr\/wp-content\/uploads\/2021\/09\/loftclubtoulouse.jpg\" class=\"attachment-large size-large wp-post-image\" alt=\"\" srcset=\"https:\/\/www.nightflow.com\/fr\/wp-content\/uploads\/2021\/09\/loftclubtoulouse.jpg 800w, https:\/\/www.nightflow.com\/fr\/wp-content\/uploads\/2021\/09\/loftclubtoulouse-300x200.jpg 300w\" sizes=\"(max-width: 800px) 100vw, 800px\" \/><\/a><\/div><h2 class=\"w-post-elm post_title usg_post_title_1 entry-title color_link_inherit\"><a href=\"https:\/\/www.nightflow.com\/fr\/loft-club-toulouse\/\">Loft Club Toulouse<\/a><\/h2>\t\t<\/div>\r\n\t\t\t<\/article>\r\n\t<article class=\"w-grid-item post-945 us_portfolio type-us_portfolio status-publish has-post-thumbnail hentry us_portfolio_category-nightclub us_portfolio_tag-toulouse\" data-id=\"945\">\r\n\t\t<div class=\"w-grid-item-h\">\r\n\t\t\t\t\t\t<div class=\"w-post-elm post_image usg_post_image_1 stretched\"><a href=\"https:\/\/www.nightflow.com\/fr\/pinkpalaceclub-rose-toulouse\/\" aria-label=\"Pinkpalaceclub Rose Toulouse\"><img decoding=\"async\" width=\"683\" height=\"1024\" src=\"https:\/\/www.nightflow.com\/fr\/wp-content\/uploads\/2021\/09\/pinkpalaceclubrosetoulouse-683x1024.jpg\" class=\"attachment-large size-large wp-post-image\" alt=\"\" srcset=\"https:\/\/www.nightflow.com\/fr\/wp-content\/uploads\/2021\/09\/pinkpalaceclubrosetoulouse-683x1024.jpg 683w, https:\/\/www.nightflow.com\/fr\/wp-content\/uploads\/2021\/09\/pinkpalaceclubrosetoulouse-200x300.jpg 200w, https:\/\/www.nightflow.com\/fr\/wp-content\/uploads\/2021\/09\/pinkpalaceclubrosetoulouse.jpg 1365w\" sizes=\"(max-width: 683px) 100vw, 683px\" \/><\/a><\/div><h2 class=\"w-post-elm post_title usg_post_title_1 entry-title color_link_inherit\"><a href=\"https:\/\/www.nightflow.com\/fr\/pinkpalaceclub-rose-toulouse\/\">Pinkpalaceclub Rose Toulouse<\/a><\/h2>\t\t<\/div>\r\n\t\t\t<\/article>\r\n\t<article class=\"w-grid-item post-947 us_portfolio type-us_portfolio status-publish has-post-thumbnail hentry us_portfolio_category-nightclub us_portfolio_tag-toulouse\" data-id=\"947\">\r\n\t\t<div class=\"w-grid-item-h\">\r\n\t\t\t\t\t\t<div class=\"w-post-elm post_image usg_post_image_1 stretched\"><a href=\"https:\/\/www.nightflow.com\/fr\/carpe-diem-club-toulouse\/\" aria-label=\"Carpe Diem Club Toulouse\"><img decoding=\"async\" width=\"1024\" height=\"684\" src=\"https:\/\/www.nightflow.com\/fr\/wp-content\/uploads\/2021\/09\/carpediemclubtoulouse-1024x684.jpg\" class=\"attachment-large size-large wp-post-image\" alt=\"\" srcset=\"https:\/\/www.nightflow.com\/fr\/wp-content\/uploads\/2021\/09\/carpediemclubtoulouse-1024x684.jpg 1024w, https:\/\/www.nightflow.com\/fr\/wp-content\/uploads\/2021\/09\/carpediemclubtoulouse-300x200.jpg 300w, https:\/\/www.nightflow.com\/fr\/wp-content\/uploads\/2021\/09\/carpediemclubtoulouse.jpg 1649w\" sizes=\"(max-width: 1024px) 100vw, 1024px\" \/><\/a><\/div><h2 class=\"w-post-elm post_title usg_post_title_1 entry-title color_link_inherit\"><a href=\"https:\/\/www.nightflow.com\/fr\/carpe-diem-club-toulouse\/\">Carpe Diem Club Toulouse<\/a><\/h2>\t\t<\/div>\r\n\t\t\t<\/article>\r\n\t<article class=\"w-grid-item post-949 us_portfolio type-us_portfolio status-publish has-post-thumbnail hentry us_portfolio_category-nightclub us_portfolio_tag-toulouse\" data-id=\"949\">\r\n\t\t<div class=\"w-grid-item-h\">\r\n\t\t\t\t\t\t<div class=\"w-post-elm post_image usg_post_image_1 stretched\"><a href=\"https:\/\/www.nightflow.com\/fr\/g-boy-toulouse\/\" aria-label=\"G-BOY Toulouse\"><img decoding=\"async\" width=\"1024\" height=\"498\" src=\"https:\/\/www.nightflow.com\/fr\/wp-content\/uploads\/2021\/09\/g-boytoulouse-1-1024x498.jpg\" class=\"attachment-large size-large wp-post-image\" alt=\"\" srcset=\"https:\/\/www.nightflow.com\/fr\/wp-content\/uploads\/2021\/09\/g-boytoulouse-1-1024x498.jpg 1024w, https:\/\/www.nightflow.com\/fr\/wp-content\/uploads\/2021\/09\/g-boytoulouse-1-300x146.jpg 300w, https:\/\/www.nightflow.com\/fr\/wp-content\/uploads\/2021\/09\/g-boytoulouse-1.jpg 1600w\" sizes=\"(max-width: 1024px) 100vw, 1024px\" \/><\/a><\/div><h2 class=\"w-post-elm post_title usg_post_title_1 entry-title color_link_inherit\"><a href=\"https:\/\/www.nightflow.com\/fr\/g-boy-toulouse\/\">G-BOY Toulouse<\/a><\/h2>\t\t<\/div>\r\n\t\t\t<\/article>\r\n\t<article class=\"w-grid-item post-951 us_portfolio type-us_portfolio status-publish has-post-thumbnail hentry us_portfolio_category-nightclub us_portfolio_tag-toulouse\" data-id=\"951\">\r\n\t\t<div class=\"w-grid-item-h\">\r\n\t\t\t\t\t\t<div class=\"w-post-elm post_image usg_post_image_1 stretched\"><a href=\"https:\/\/www.nightflow.com\/fr\/le-purple-toulouse\/\" aria-label=\"Le Purple Toulouse\"><img decoding=\"async\" width=\"936\" height=\"960\" src=\"https:\/\/www.nightflow.com\/fr\/wp-content\/uploads\/2021\/09\/Le-Purple-Toulouse.jpg\" class=\"attachment-large size-large wp-post-image\" alt=\"\" srcset=\"https:\/\/www.nightflow.com\/fr\/wp-content\/uploads\/2021\/09\/Le-Purple-Toulouse.jpg 936w, https:\/\/www.nightflow.com\/fr\/wp-content\/uploads\/2021\/09\/Le-Purple-Toulouse-293x300.jpg 293w\" sizes=\"(max-width: 936px) 100vw, 936px\" \/><\/a><\/div><h2 class=\"w-post-elm post_title usg_post_title_1 entry-title color_link_inherit\"><a href=\"https:\/\/www.nightflow.com\/fr\/le-purple-toulouse\/\">Le Purple Toulouse<\/a><\/h2>\t\t<\/div>\r\n\t\t\t<\/article>\r\n\t<article class=\"w-grid-item post-953 us_portfolio type-us_portfolio status-publish has-post-thumbnail hentry us_portfolio_category-nightclub us_portfolio_tag-toulouse\" data-id=\"953\">\r\n\t\t<div class=\"w-grid-item-h\">\r\n\t\t\t\t\t\t<div class=\"w-post-elm post_image usg_post_image_1 stretched\"><a href=\"https:\/\/www.nightflow.com\/fr\/centre-ville-usine-toulouse\/\" aria-label=\"Usine du centre-ville de Toulouse\"><img decoding=\"async\" width=\"900\" height=\"600\" src=\"https:\/\/www.nightflow.com\/fr\/wp-content\/uploads\/2021\/09\/Downtown-Factory-Toulouse.jpg\" class=\"attachment-large size-large wp-post-image\" alt=\"\" srcset=\"https:\/\/www.nightflow.com\/fr\/wp-content\/uploads\/2021\/09\/Downtown-Factory-Toulouse.jpg 900w, https:\/\/www.nightflow.com\/fr\/wp-content\/uploads\/2021\/09\/Downtown-Factory-Toulouse-300x200.jpg 300w\" sizes=\"(max-width: 900px) 100vw, 900px\" \/><\/a><\/div><h2 class=\"w-post-elm post_title usg_post_title_1 entry-title color_link_inherit\"><a href=\"https:\/\/www.nightflow.com\/fr\/centre-ville-usine-toulouse\/\">Usine du centre-ville de Toulouse<\/a><\/h2>\t\t<\/div>\r\n\t\t\t<\/article>\r\n<\/div>\t<div class=\"g-preloader type_1\">\r\n\t\t<div><\/div>\r\n\t<\/div>\r\n\t\t<div class=\"w-grid-json hidden\" onclick='return {&quot;action&quot;:&quot;us_ajax_grid&quot;,&quot;infinite_scroll&quot;:0,&quot;max_num_pages&quot;:2,&quot;pagination&quot;:&quot;none&quot;,&quot;template_vars&quot;:{&quot;columns&quot;:&quot;4&quot;,&quot;exclude_items&quot;:&quot;none&quot;,&quot;img_size&quot;:&quot;default&quot;,&quot;ignore_items_size&quot;:0,&quot;items_layout&quot;:&quot;10907&quot;,&quot;items_offset&quot;:&quot;1&quot;,&quot;load_animation&quot;:&quot;none&quot;,&quot;overriding_link&quot;:&quot;{\\&quot;url\\&quot;:\\&quot;\\&quot;}&quot;,&quot;post_id&quot;:0,&quot;query_args&quot;:{&quot;post_type&quot;:[&quot;us_portfolio&quot;],&quot;tax_query&quot;:[{&quot;taxonomy&quot;:&quot;us_portfolio_category&quot;,&quot;field&quot;:&quot;slug&quot;,&quot;terms&quot;:[&quot;club&quot;,&quot;nightclub&quot;]},{&quot;taxonomy&quot;:&quot;us_portfolio_tag&quot;,&quot;field&quot;:&quot;slug&quot;,&quot;terms&quot;:[&quot;toulouse&quot;]}],&quot;post_status&quot;:[&quot;publish&quot;],&quot;posts_per_page&quot;:&quot;10&quot;},&quot;orderby_query_args&quot;:{&quot;orderby&quot;:{&quot;date&quot;:&quot;DESC&quot;}},&quot;type&quot;:&quot;carousel&quot;,&quot;us_grid_post_type&quot;:&quot;us_portfolio&quot;,&quot;us_grid_ajax_index&quot;:1,&quot;us_grid_filter_query_string&quot;:null,&quot;us_grid_index&quot;:1,&quot;page_args&quot;:[]},&quot;carousel_settings&quot;:{&quot;autoHeight&quot;:0,&quot;autoplay&quot;:0,&quot;carousel_fade&quot;:0,&quot;center&quot;:0,&quot;dots&quot;:0,&quot;items&quot;:&quot;4&quot;,&quot;loop&quot;:1,&quot;nav&quot;:1,&quot;slideby&quot;:&quot;1&quot;,&quot;smooth_play&quot;:0,&quot;speed&quot;:250,&quot;timeout&quot;:3000,&quot;transition&quot;:&quot;&quot;,&quot;aria_labels&quot;:{&quot;prev&quot;:&quot;Previous&quot;,&quot;next&quot;:&quot;Next&quot;}},&quot;carousel_breakpoints&quot;:{&quot;0&quot;:{&quot;autoHeight&quot;:0,&quot;autoplay&quot;:1,&quot;autoplayHoverPause&quot;:1,&quot;items&quot;:1,&quot;loop&quot;:true,&quot;stagePadding&quot;:0},&quot;601&quot;:{&quot;autoHeight&quot;:0,&quot;autoplay&quot;:1,&quot;autoplayHoverPause&quot;:1,&quot;items&quot;:2,&quot;loop&quot;:1,&quot;stagePadding&quot;:0},&quot;1025&quot;:{&quot;autoHeight&quot;:0,&quot;autoplay&quot;:1,&quot;autoplayHoverPause&quot;:1,&quot;items&quot;:3,&quot;loop&quot;:1,&quot;stagePadding&quot;:0},&quot;1281&quot;:{&quot;items&quot;:4,&quot;stagePadding&quot;:0}}}'><\/div>\r\n\t<\/div><\/div><\/div><\/div><\/div><\/div><\/section><section class=\"l-section wpb_row height_small\" id=\"article\"><div class=\"l-section-h i-cf\"><div class=\"g-cols vc_row via_flex valign_top type_default stacking_default\"><div class=\"vc_col-sm-12 wpb_column vc_column_container\"><div class=\"vc_column-inner\"><div class=\"wpb_wrapper\"><div class=\"wpb_text_column\"><div class=\"wpb_wrapper\"><h4>Discover Toulouse Nightlife<\/h4>\n<\/div><\/div><div class=\"w-separator size_small\"><\/div><div class=\"w-grid type_grid layout_10920 hidden cols_3\" id=\"us_grid_2\" style=\"--gap:1.5rem;\" data-filterable=\"true\"><style>@media (max-width:1024px){#us_grid_2 .w-grid-item{width:50%}}@media (max-width:600px){#us_grid_2 .w-grid-list{margin:0}#us_grid_2 .w-grid-item{width:100%;padding:0;margin-bottom:var(--gap,0px)}}.layout_10920 .w-grid-item-h{}.layout_10920 .usg_post_image_1{margin-bottom:0.5rem!important}.layout_10920 .usg_post_title_1{font-size:1rem!important}<\/style><div class=\"w-grid-list\"><\/div><div class=\"w-grid-preloader\">\t<div class=\"g-preloader type_1\">\r\n\t\t<div><\/div>\r\n\t<\/div>\r\n\t<\/div>\t<div class=\"w-grid-json hidden\" onclick='return {&quot;action&quot;:&quot;us_ajax_grid&quot;,&quot;infinite_scroll&quot;:0,&quot;max_num_pages&quot;:0,&quot;pagination&quot;:&quot;none&quot;,&quot;template_vars&quot;:{&quot;columns&quot;:&quot;3&quot;,&quot;exclude_items&quot;:&quot;none&quot;,&quot;img_size&quot;:&quot;default&quot;,&quot;ignore_items_size&quot;:0,&quot;items_layout&quot;:&quot;10920&quot;,&quot;items_offset&quot;:&quot;1&quot;,&quot;load_animation&quot;:&quot;none&quot;,&quot;overriding_link&quot;:&quot;{\\&quot;url\\&quot;:\\&quot;\\&quot;}&quot;,&quot;post_id&quot;:0,&quot;query_args&quot;:{&quot;post_type&quot;:[&quot;post&quot;],&quot;tax_query&quot;:[{&quot;taxonomy&quot;:&quot;post_tag&quot;,&quot;field&quot;:&quot;slug&quot;,&quot;terms&quot;:[&quot;toulouse&quot;]}],&quot;post_status&quot;:[&quot;publish&quot;],&quot;posts_per_page&quot;:&quot;12&quot;},&quot;orderby_query_args&quot;:{&quot;orderby&quot;:{&quot;date&quot;:&quot;ASC&quot;}},&quot;type&quot;:&quot;grid&quot;,&quot;us_grid_post_type&quot;:&quot;post&quot;,&quot;us_grid_ajax_index&quot;:2,&quot;us_grid_filter_query_string&quot;:null,&quot;us_grid_index&quot;:2,&quot;page_args&quot;:[]}}'><\/div>\r\n\t<\/div><div class=\"w-grid-none type_message\">No results found.<\/div><\/div><\/div><\/div><\/div><\/div><\/section><section class=\"l-section wpb_row height_small\" id=\"things\"><div class=\"l-section-h i-cf\"><div class=\"g-cols vc_row via_flex valign_top type_default stacking_default\"><div class=\"vc_col-sm-12 wpb_column vc_column_container\"><div class=\"vc_column-inner\"><div class=\"wpb_wrapper\"><div class=\"wpb_text_column\"><div class=\"wpb_wrapper\"><h1>Things to do at night in Toulouse<\/h1>\n<\/div><\/div><\/div><\/div><\/div><\/div><\/div><\/section>\n","protected":false},"excerpt":{"rendered":"Usine du centre-ville de Toulouse NightclubToulouseInvitez vos amis : Liens utiles : S&#8217;inscrire sur la liste des invit\u00e9sR\u00e9servation du service des bouteillesObtenir des billets\u00c9v\u00e9nements priv\u00e9s ou professionnels | C\u00e9l\u00e9brez votre anniversaire Location de lieuxR\u00e9servations pour les anniversairesConsultez les avis ind\u00e9pendants Emplacement :[gmw_single_location] Photos de Usine du centre-ville de Toulouse Photos officielles sur FacebookUne vid\u00e9o de...","protected":false},"author":1,"featured_media":862,"parent":0,"menu_order":0,"comment_status":"closed","ping_status":"closed","template":"","meta":{"rank_math_lock_modified_date":false,"_glsr_average":0,"_glsr_ranking":0,"_glsr_reviews":0,"footnotes":""},"class_list":["post-861","page","type-page","status-publish","has-post-thumbnail","hentry"],"_links":{"self":[{"href":"https:\/\/www.nightflow.com\/fr\/wp-json\/wp\/v2\/pages\/861"}],"collection":[{"href":"https:\/\/www.nightflow.com\/fr\/wp-json\/wp\/v2\/pages"}],"about":[{"href":"https:\/\/www.nightflow.com\/fr\/wp-json\/wp\/v2\/types\/page"}],"author":[{"embeddable":true,"href":"https:\/\/www.nightflow.com\/fr\/wp-json\/wp\/v2\/users\/1"}],"replies":[{"embeddable":true,"href":"https:\/\/www.nightflow.com\/fr\/wp-json\/wp\/v2\/comments?post=861"}],"version-history":[{"count":0,"href":"https:\/\/www.nightflow.com\/fr\/wp-json\/wp\/v2\/pages\/861\/revisions"}],"wp:featuredmedia":[{"embeddable":true,"href":"https:\/\/www.nightflow.com\/fr\/wp-json\/wp\/v2\/media\/862"}],"wp:attachment":[{"href":"https:\/\/www.nightflow.com\/fr\/wp-json\/wp\/v2\/media?parent=861"}],"curies":[{"name":"wp","href":"https:\/\/api.w.org\/{rel}","templated":true}]}}