{"id":865,"date":"2020-12-05T20:26:42","date_gmt":"2020-12-05T20:26:42","guid":{"rendered":"https:\/\/www.nightflow.com\/?page_id=19024"},"modified":"2020-12-05T20:26:42","modified_gmt":"2020-12-05T20:26:42","slug":"bordeaux","status":"publish","type":"page","link":"https:\/\/www.nightflow.com\/fr\/bordeaux\/","title":{"rendered":"Bordeaux"},"content":{"rendered":"<section class=\"l-section wpb_row height_small\"><div class=\"l-section-h i-cf\"><div class=\"g-cols vc_row via_flex valign_top type_default stacking_default\"><div class=\"vc_col-sm-12 wpb_column vc_column_container\"><div class=\"vc_column-inner\"><div class=\"wpb_wrapper\"><div class=\"wpb_text_column\"><div class=\"wpb_wrapper\"><h1 style=\"text-align: left;\">Bordeaux At Night<\/h1>\n<h4 style=\"text-align: left;\">Skip to our curated selection of the best <a href=\"#clubs\">nightclubs<\/a> and <a href=\"#clubs\">bars<\/a>. Or view our <a href=\"#article\">guides<\/a> to discover the <a href=\"https:\/\/www.nightflow.com\/bordeaux-nightlife\/\">nightlife in <span data-sheets-value=\"{&quot;1&quot;:2,&quot;2&quot;:&quot;Bordeaux&quot;}\" data-sheets-userformat=\"{&quot;2&quot;:513,&quot;3&quot;:{&quot;1&quot;:0},&quot;12&quot;:0}\">Bordeaux<\/span><\/a>. And finally, check out our ideas on <a href=\"#things\">things to do at night in <span data-sheets-value=\"{&quot;1&quot;:2,&quot;2&quot;:&quot;Bordeaux&quot;}\" data-sheets-userformat=\"{&quot;2&quot;:513,&quot;3&quot;:{&quot;1&quot;:0},&quot;12&quot;:0}\">Bordeaux<\/span><\/a>.<\/h4>\n<\/div><\/div><div class=\"w-separator size_small\"><\/div><div class=\"w-image us_custom_9cf479d2 style_shadow-1 align_left us_animate_fade\"><div class=\"w-image-h\"><img decoding=\"async\" width=\"747\" height=\"500\" src=\"https:\/\/www.nightflow.com\/fr\/wp-content\/uploads\/2022\/06\/Sky-Blossom-Dallas-dp-747x500.jpg\" class=\"attachment-us_1536_500_crop size-us_1536_500_crop\" alt=\"\" loading=\"lazy\" \/><\/div><\/div><div class=\"w-separator size_small\"><\/div><div class=\"wpb_text_column\"><div class=\"wpb_wrapper\"><h4>About <span data-sheets-value=\"{&quot;1&quot;:2,&quot;2&quot;:&quot;Bordeaux&quot;}\" data-sheets-userformat=\"{&quot;2&quot;:513,&quot;3&quot;:{&quot;1&quot;:0},&quot;12&quot;:0}\">Bordeaux<\/span><\/h4>\n<\/div><\/div><\/div><\/div><\/div><\/div><\/div><\/section><section class=\"l-section wpb_row height_small\" id=\"clubs\"><div class=\"l-section-h i-cf\"><div class=\"g-cols vc_row via_flex valign_top type_default stacking_default\"><div class=\"vc_col-sm-12 wpb_column vc_column_container\"><div class=\"vc_column-inner\"><div class=\"wpb_wrapper\"><div class=\"wpb_text_column\"><div class=\"wpb_wrapper\"><h4>Nightclubs in <span data-sheets-value=\"{&quot;1&quot;:2,&quot;2&quot;:&quot;Bordeaux&quot;}\" data-sheets-userformat=\"{&quot;2&quot;:513,&quot;3&quot;:{&quot;1&quot;:0},&quot;12&quot;:0}\">Bordeaux<\/span><\/h4>\n<\/div><\/div><div class=\"w-separator size_small\"><\/div><div class=\"w-grid type_carousel layout_10907 cols_4\" id=\"us_grid_1\" style=\"--gap:1rem;\"><style>.layout_10907 .w-grid-item-h{}.layout_10907 .usg_post_image_1{margin-bottom:0.5rem!important}.layout_10907 .usg_post_title_1{font-size:1rem!important}<\/style><div class=\"w-grid-list owl-carousel navstyle_circle navpos_outside\" style=\"--arrows-size:1.8rem;\">\t<article class=\"w-grid-item post-1034 us_portfolio type-us_portfolio status-publish has-post-thumbnail hentry us_portfolio_category-nightclub us_portfolio_tag-bordeaux\" data-id=\"1034\">\r\n\t\t<div class=\"w-grid-item-h\">\r\n\t\t\t\t\t\t<div class=\"w-post-elm post_image usg_post_image_1 stretched\"><a href=\"https:\/\/www.nightflow.com\/fr\/base-bordeaux\/\" aria-label=\"BASE Bordeaux\"><img decoding=\"async\" width=\"1023\" height=\"1024\" src=\"https:\/\/www.nightflow.com\/fr\/wp-content\/uploads\/2021\/09\/BASE-Bordeaux.jpg\" class=\"attachment-large size-large wp-post-image\" alt=\"\" srcset=\"https:\/\/www.nightflow.com\/fr\/wp-content\/uploads\/2021\/09\/BASE-Bordeaux.jpg 1024w, https:\/\/www.nightflow.com\/fr\/wp-content\/uploads\/2021\/09\/BASE-Bordeaux-300x300.jpg 300w, https:\/\/www.nightflow.com\/fr\/wp-content\/uploads\/2021\/09\/BASE-Bordeaux-150x150.jpg 150w\" sizes=\"(max-width: 1023px) 100vw, 1023px\" \/><\/a><\/div><h2 class=\"w-post-elm post_title usg_post_title_1 entry-title color_link_inherit\"><a href=\"https:\/\/www.nightflow.com\/fr\/base-bordeaux\/\">BASE Bordeaux<\/a><\/h2>\t\t<\/div>\r\n\t\t\t<\/article>\r\n\t<article class=\"w-grid-item post-1036 us_portfolio type-us_portfolio status-publish has-post-thumbnail hentry us_portfolio_category-nightclub us_portfolio_tag-bordeaux\" data-id=\"1036\">\r\n\t\t<div class=\"w-grid-item-h\">\r\n\t\t\t\t\t\t<div class=\"w-post-elm post_image usg_post_image_1 stretched\"><a href=\"https:\/\/www.nightflow.com\/fr\/theatro-bordeaux\/\" aria-label=\"Th\u00e9atro Bordeaux\"><img decoding=\"async\" width=\"1024\" height=\"723\" src=\"https:\/\/www.nightflow.com\/fr\/wp-content\/uploads\/2021\/09\/Theatro-Bordeaux-1024x723.jpg\" class=\"attachment-large size-large wp-post-image\" alt=\"\" srcset=\"https:\/\/www.nightflow.com\/fr\/wp-content\/uploads\/2021\/09\/Theatro-Bordeaux-1024x723.jpg 1024w, https:\/\/www.nightflow.com\/fr\/wp-content\/uploads\/2021\/09\/Theatro-Bordeaux-300x212.jpg 300w, https:\/\/www.nightflow.com\/fr\/wp-content\/uploads\/2021\/09\/Theatro-Bordeaux.jpg 1450w\" sizes=\"(max-width: 1024px) 100vw, 1024px\" \/><\/a><\/div><h2 class=\"w-post-elm post_title usg_post_title_1 entry-title color_link_inherit\"><a href=\"https:\/\/www.nightflow.com\/fr\/theatro-bordeaux\/\">Th\u00e9atro Bordeaux<\/a><\/h2>\t\t<\/div>\r\n\t\t\t<\/article>\r\n\t<article class=\"w-grid-item post-1037 us_portfolio type-us_portfolio status-publish has-post-thumbnail hentry us_portfolio_category-nightclub us_portfolio_tag-bordeaux\" data-id=\"1037\">\r\n\t\t<div class=\"w-grid-item-h\">\r\n\t\t\t\t\t\t<div class=\"w-post-elm post_image usg_post_image_1 stretched\"><a href=\"https:\/\/www.nightflow.com\/fr\/le-cercle-bordeaux\/\" aria-label=\"Le Cercle Bordeaux\"><img decoding=\"async\" width=\"960\" height=\"550\" src=\"https:\/\/www.nightflow.com\/fr\/wp-content\/uploads\/2021\/09\/Le-Cercle-Bordeaux-1.jpg\" class=\"attachment-large size-large wp-post-image\" alt=\"\" srcset=\"https:\/\/www.nightflow.com\/fr\/wp-content\/uploads\/2021\/09\/Le-Cercle-Bordeaux-1.jpg 960w, https:\/\/www.nightflow.com\/fr\/wp-content\/uploads\/2021\/09\/Le-Cercle-Bordeaux-1-300x172.jpg 300w\" sizes=\"(max-width: 960px) 100vw, 960px\" \/><\/a><\/div><h2 class=\"w-post-elm post_title usg_post_title_1 entry-title color_link_inherit\"><a href=\"https:\/\/www.nightflow.com\/fr\/le-cercle-bordeaux\/\">Le Cercle Bordeaux<\/a><\/h2>\t\t<\/div>\r\n\t\t\t<\/article>\r\n\t<article class=\"w-grid-item post-1039 us_portfolio type-us_portfolio status-publish has-post-thumbnail hentry us_portfolio_category-nightclub us_portfolio_tag-bordeaux\" data-id=\"1039\">\r\n\t\t<div class=\"w-grid-item-h\">\r\n\t\t\t\t\t\t<div class=\"w-post-elm post_image usg_post_image_1 stretched\"><a href=\"https:\/\/www.nightflow.com\/fr\/le-monseigneur-bordeaux\/\" aria-label=\"Le monseigneur Bordeaux\"><img decoding=\"async\" width=\"1024\" height=\"683\" src=\"https:\/\/www.nightflow.com\/fr\/wp-content\/uploads\/2021\/09\/Le-monseigneur-Bordeaux-1024x683.jpg\" class=\"attachment-large size-large wp-post-image\" alt=\"\" srcset=\"https:\/\/www.nightflow.com\/fr\/wp-content\/uploads\/2021\/09\/Le-monseigneur-Bordeaux-1024x683.jpg 1024w, https:\/\/www.nightflow.com\/fr\/wp-content\/uploads\/2021\/09\/Le-monseigneur-Bordeaux-300x200.jpg 300w, https:\/\/www.nightflow.com\/fr\/wp-content\/uploads\/2021\/09\/Le-monseigneur-Bordeaux.jpg 1536w\" sizes=\"(max-width: 1024px) 100vw, 1024px\" \/><\/a><\/div><h2 class=\"w-post-elm post_title usg_post_title_1 entry-title color_link_inherit\"><a href=\"https:\/\/www.nightflow.com\/fr\/le-monseigneur-bordeaux\/\">Le monseigneur Bordeaux<\/a><\/h2>\t\t<\/div>\r\n\t\t\t<\/article>\r\n\t<article class=\"w-grid-item post-1041 us_portfolio type-us_portfolio status-publish has-post-thumbnail hentry us_portfolio_category-nightclub us_portfolio_tag-bordeaux\" data-id=\"1041\">\r\n\t\t<div class=\"w-grid-item-h\">\r\n\t\t\t\t\t\t<div class=\"w-post-elm post_image usg_post_image_1 stretched\"><a href=\"https:\/\/www.nightflow.com\/fr\/la-pachanga-bordeaux\/\" aria-label=\"La Pachanga Bordeaux\"><img decoding=\"async\" width=\"1024\" height=\"683\" src=\"https:\/\/www.nightflow.com\/fr\/wp-content\/uploads\/2021\/09\/La-Pachanga-Bordeaux-1-1024x683.jpg\" class=\"attachment-large size-large wp-post-image\" alt=\"\" srcset=\"https:\/\/www.nightflow.com\/fr\/wp-content\/uploads\/2021\/09\/La-Pachanga-Bordeaux-1-1024x683.jpg 1024w, https:\/\/www.nightflow.com\/fr\/wp-content\/uploads\/2021\/09\/La-Pachanga-Bordeaux-1-300x200.jpg 300w, https:\/\/www.nightflow.com\/fr\/wp-content\/uploads\/2021\/09\/La-Pachanga-Bordeaux-1.jpg 1536w\" sizes=\"(max-width: 1024px) 100vw, 1024px\" \/><\/a><\/div><h2 class=\"w-post-elm post_title usg_post_title_1 entry-title color_link_inherit\"><a href=\"https:\/\/www.nightflow.com\/fr\/la-pachanga-bordeaux\/\">La Pachanga Bordeaux<\/a><\/h2>\t\t<\/div>\r\n\t\t\t<\/article>\r\n\t<article class=\"w-grid-item post-1043 us_portfolio type-us_portfolio status-publish has-post-thumbnail hentry us_portfolio_category-nightclub us_portfolio_tag-bordeaux\" data-id=\"1043\">\r\n\t\t<div class=\"w-grid-item-h\">\r\n\t\t\t\t\t\t<div class=\"w-post-elm post_image usg_post_image_1 stretched\"><a href=\"https:\/\/www.nightflow.com\/fr\/la-plage-bordeaux\/\" aria-label=\"LA PLAGE Bordeaux\"><img decoding=\"async\" width=\"1024\" height=\"598\" src=\"https:\/\/www.nightflow.com\/fr\/wp-content\/uploads\/2021\/09\/LA-PLAGE-Bordeaux-1024x598.jpg\" class=\"attachment-large size-large wp-post-image\" alt=\"\" srcset=\"https:\/\/www.nightflow.com\/fr\/wp-content\/uploads\/2021\/09\/LA-PLAGE-Bordeaux-1024x598.jpg 1024w, https:\/\/www.nightflow.com\/fr\/wp-content\/uploads\/2021\/09\/LA-PLAGE-Bordeaux-300x175.jpg 300w, https:\/\/www.nightflow.com\/fr\/wp-content\/uploads\/2021\/09\/LA-PLAGE-Bordeaux.jpg 1080w\" sizes=\"(max-width: 1024px) 100vw, 1024px\" \/><\/a><\/div><h2 class=\"w-post-elm post_title usg_post_title_1 entry-title color_link_inherit\"><a href=\"https:\/\/www.nightflow.com\/fr\/la-plage-bordeaux\/\">LA PLAGE Bordeaux<\/a><\/h2>\t\t<\/div>\r\n\t\t\t<\/article>\r\n\t<article class=\"w-grid-item post-1045 us_portfolio type-us_portfolio status-publish has-post-thumbnail hentry us_portfolio_category-nightclub us_portfolio_tag-bordeaux\" data-id=\"1045\">\r\n\t\t<div class=\"w-grid-item-h\">\r\n\t\t\t\t\t\t<div class=\"w-post-elm post_image usg_post_image_1 stretched\"><a href=\"https:\/\/www.nightflow.com\/fr\/noir-diamant-bordeaux\/\" aria-label=\"Black Diamond Bordeaux\"><img decoding=\"async\" width=\"309\" height=\"163\" src=\"https:\/\/www.nightflow.com\/fr\/wp-content\/uploads\/2021\/09\/Black-Diamond-Bordeaux.jpg\" class=\"attachment-large size-large wp-post-image\" alt=\"\" srcset=\"https:\/\/www.nightflow.com\/fr\/wp-content\/uploads\/2021\/09\/Black-Diamond-Bordeaux.jpg 309w, https:\/\/www.nightflow.com\/fr\/wp-content\/uploads\/2021\/09\/Black-Diamond-Bordeaux-300x158.jpg 300w\" sizes=\"(max-width: 309px) 100vw, 309px\" \/><\/a><\/div><h2 class=\"w-post-elm post_title usg_post_title_1 entry-title color_link_inherit\"><a href=\"https:\/\/www.nightflow.com\/fr\/noir-diamant-bordeaux\/\">Black Diamond Bordeaux<\/a><\/h2>\t\t<\/div>\r\n\t\t\t<\/article>\r\n\t<article class=\"w-grid-item post-1046 us_portfolio type-us_portfolio status-publish has-post-thumbnail hentry us_portfolio_category-nightclub us_portfolio_tag-bordeaux\" data-id=\"1046\">\r\n\t\t<div class=\"w-grid-item-h\">\r\n\t\t\t\t\t\t<div class=\"w-post-elm post_image usg_post_image_1 stretched\"><a href=\"https:\/\/www.nightflow.com\/fr\/leclypse-bordeaux\/\" aria-label=\"L&#8217;Eclypse Bordeaux\"><img decoding=\"async\" width=\"640\" height=\"360\" src=\"https:\/\/www.nightflow.com\/fr\/wp-content\/uploads\/2021\/09\/LEclypse-Bordeaux.jpg\" class=\"attachment-large size-large wp-post-image\" alt=\"\" srcset=\"https:\/\/www.nightflow.com\/fr\/wp-content\/uploads\/2021\/09\/LEclypse-Bordeaux.jpg 640w, https:\/\/www.nightflow.com\/fr\/wp-content\/uploads\/2021\/09\/LEclypse-Bordeaux-300x169.jpg 300w\" sizes=\"(max-width: 640px) 100vw, 640px\" \/><\/a><\/div><h2 class=\"w-post-elm post_title usg_post_title_1 entry-title color_link_inherit\"><a href=\"https:\/\/www.nightflow.com\/fr\/leclypse-bordeaux\/\">L&#8217;Eclypse Bordeaux<\/a><\/h2>\t\t<\/div>\r\n\t\t\t<\/article>\r\n<\/div>\t<div class=\"g-preloader type_1\">\r\n\t\t<div><\/div>\r\n\t<\/div>\r\n\t\t<div class=\"w-grid-json hidden\" onclick='return {&quot;action&quot;:&quot;us_ajax_grid&quot;,&quot;infinite_scroll&quot;:0,&quot;max_num_pages&quot;:1,&quot;pagination&quot;:&quot;none&quot;,&quot;template_vars&quot;:{&quot;columns&quot;:&quot;4&quot;,&quot;exclude_items&quot;:&quot;none&quot;,&quot;img_size&quot;:&quot;default&quot;,&quot;ignore_items_size&quot;:0,&quot;items_layout&quot;:&quot;10907&quot;,&quot;items_offset&quot;:&quot;1&quot;,&quot;load_animation&quot;:&quot;none&quot;,&quot;overriding_link&quot;:&quot;{\\&quot;url\\&quot;:\\&quot;\\&quot;}&quot;,&quot;post_id&quot;:0,&quot;query_args&quot;:{&quot;post_type&quot;:[&quot;us_portfolio&quot;],&quot;tax_query&quot;:[{&quot;taxonomy&quot;:&quot;us_portfolio_category&quot;,&quot;field&quot;:&quot;slug&quot;,&quot;terms&quot;:[&quot;club&quot;,&quot;nightclub&quot;]},{&quot;taxonomy&quot;:&quot;us_portfolio_tag&quot;,&quot;field&quot;:&quot;slug&quot;,&quot;terms&quot;:[&quot;bordeaux&quot;]}],&quot;post_status&quot;:[&quot;publish&quot;],&quot;posts_per_page&quot;:&quot;10&quot;},&quot;orderby_query_args&quot;:{&quot;orderby&quot;:{&quot;date&quot;:&quot;DESC&quot;}},&quot;type&quot;:&quot;carousel&quot;,&quot;us_grid_post_type&quot;:&quot;us_portfolio&quot;,&quot;us_grid_ajax_index&quot;:1,&quot;us_grid_filter_query_string&quot;:null,&quot;us_grid_index&quot;:1,&quot;page_args&quot;:[]},&quot;carousel_settings&quot;:{&quot;autoHeight&quot;:0,&quot;autoplay&quot;:0,&quot;carousel_fade&quot;:0,&quot;center&quot;:0,&quot;dots&quot;:0,&quot;items&quot;:&quot;4&quot;,&quot;loop&quot;:1,&quot;nav&quot;:1,&quot;slideby&quot;:&quot;1&quot;,&quot;smooth_play&quot;:0,&quot;speed&quot;:250,&quot;timeout&quot;:3000,&quot;transition&quot;:&quot;&quot;,&quot;aria_labels&quot;:{&quot;prev&quot;:&quot;Previous&quot;,&quot;next&quot;:&quot;Next&quot;}},&quot;carousel_breakpoints&quot;:{&quot;0&quot;:{&quot;autoHeight&quot;:0,&quot;autoplay&quot;:1,&quot;autoplayHoverPause&quot;:1,&quot;items&quot;:1,&quot;loop&quot;:true,&quot;stagePadding&quot;:0},&quot;601&quot;:{&quot;autoHeight&quot;:0,&quot;autoplay&quot;:1,&quot;autoplayHoverPause&quot;:1,&quot;items&quot;:2,&quot;loop&quot;:1,&quot;stagePadding&quot;:0},&quot;1025&quot;:{&quot;autoHeight&quot;:0,&quot;autoplay&quot;:1,&quot;autoplayHoverPause&quot;:1,&quot;items&quot;:3,&quot;loop&quot;:1,&quot;stagePadding&quot;:0},&quot;1281&quot;:{&quot;items&quot;:4,&quot;stagePadding&quot;:0}}}'><\/div>\r\n\t<\/div><\/div><\/div><\/div><\/div><\/div><\/section><section class=\"l-section wpb_row height_small\" id=\"article\"><div class=\"l-section-h i-cf\"><div class=\"g-cols vc_row via_flex valign_top type_default stacking_default\"><div class=\"vc_col-sm-12 wpb_column vc_column_container\"><div class=\"vc_column-inner\"><div class=\"wpb_wrapper\"><div class=\"wpb_text_column\"><div class=\"wpb_wrapper\"><h4>Discover <span data-sheets-value=\"{&quot;1&quot;:2,&quot;2&quot;:&quot;Bordeaux&quot;}\" data-sheets-userformat=\"{&quot;2&quot;:513,&quot;3&quot;:{&quot;1&quot;:0},&quot;12&quot;:0}\">Bordeaux <\/span>Nightlife<\/h4>\n<\/div><\/div><div class=\"w-separator size_small\"><\/div><div class=\"w-grid type_grid layout_10920 cols_3\" id=\"us_grid_2\" style=\"--gap:1.5rem;\" data-filterable=\"true\"><style>@media (max-width:1024px){#us_grid_2 .w-grid-item{width:50%}}@media (max-width:600px){#us_grid_2 .w-grid-list{margin:0}#us_grid_2 .w-grid-item{width:100%;padding:0;margin-bottom:var(--gap,0px)}}.layout_10920 .w-grid-item-h{}.layout_10920 .usg_post_image_1{margin-bottom:0.5rem!important}.layout_10920 .usg_post_title_1{font-size:1rem!important}<\/style><div class=\"w-grid-list\">\t<article class=\"w-grid-item size_1x1 post-793 post type-post status-publish format-standard has-post-thumbnail hentry category-city-guide tag-bordeaux\" data-id=\"793\">\r\n\t\t<div class=\"w-grid-item-h\">\r\n\t\t\t\t\t\t<div class=\"w-post-elm post_image usg_post_image_1 stretched\"><a href=\"https:\/\/www.nightflow.com\/fr\/bordeaux-nightlife\/\" aria-label=\"La vie nocturne \u00e0 Bordeaux &#8211; Guide complet\"><img decoding=\"async\" width=\"1024\" height=\"682\" src=\"https:\/\/www.nightflow.com\/fr\/wp-content\/uploads\/2021\/09\/bordeaux-nightlife-1024x682.jpg\" class=\"attachment-large size-large wp-post-image\" alt=\"\" srcset=\"https:\/\/www.nightflow.com\/fr\/wp-content\/uploads\/2021\/09\/bordeaux-nightlife-1024x682.jpg 1024w, https:\/\/www.nightflow.com\/fr\/wp-content\/uploads\/2021\/09\/bordeaux-nightlife-300x200.jpg 300w, https:\/\/www.nightflow.com\/fr\/wp-content\/uploads\/2021\/09\/bordeaux-nightlife.jpg 1600w\" sizes=\"(max-width: 1024px) 100vw, 1024px\" \/><\/a><\/div><h2 class=\"w-post-elm post_title usg_post_title_1 entry-title color_link_inherit\"><a href=\"https:\/\/www.nightflow.com\/fr\/bordeaux-nightlife\/\">La vie nocturne \u00e0 Bordeaux &#8211; Guide complet<\/a><\/h2>\t\t<\/div>\r\n\t\t\t<\/article>\r\n\t<article class=\"w-grid-item size_1x1 post-795 post type-post status-publish format-standard has-post-thumbnail hentry category-club-guide tag-bordeaux\" data-id=\"795\">\r\n\t\t<div class=\"w-grid-item-h\">\r\n\t\t\t\t\t\t<div class=\"w-post-elm post_image usg_post_image_1 stretched\"><a href=\"https:\/\/www.nightflow.com\/fr\/boites-de-nuit-a-bordeaux\/\" aria-label=\"Meilleures bo\u00eetes de nuit \u00e0 Bordeaux\"><img decoding=\"async\" width=\"960\" height=\"550\" src=\"https:\/\/www.nightflow.com\/fr\/wp-content\/uploads\/2021\/09\/Le-Cercle-Bordeaux.jpg\" class=\"attachment-large size-large wp-post-image\" alt=\"\" srcset=\"https:\/\/www.nightflow.com\/fr\/wp-content\/uploads\/2021\/09\/Le-Cercle-Bordeaux.jpg 960w, https:\/\/www.nightflow.com\/fr\/wp-content\/uploads\/2021\/09\/Le-Cercle-Bordeaux-300x172.jpg 300w\" sizes=\"(max-width: 960px) 100vw, 960px\" \/><\/a><\/div><h2 class=\"w-post-elm post_title usg_post_title_1 entry-title color_link_inherit\"><a href=\"https:\/\/www.nightflow.com\/fr\/boites-de-nuit-a-bordeaux\/\">Meilleures bo\u00eetes de nuit \u00e0 Bordeaux<\/a><\/h2>\t\t<\/div>\r\n\t\t\t<\/article>\r\n\t<article class=\"w-grid-item size_1x1 post-796 post type-post status-publish format-standard has-post-thumbnail hentry category-club-guide tag-bordeaux\" data-id=\"796\">\r\n\t\t<div class=\"w-grid-item-h\">\r\n\t\t\t\t\t\t<div class=\"w-post-elm post_image usg_post_image_1 stretched\"><a href=\"https:\/\/www.nightflow.com\/fr\/hip-hop-clubs-in-bordeaux\/\" aria-label=\"Clubs hip-hop \u00e0 Bordeaux\"><img decoding=\"async\" width=\"1024\" height=\"723\" src=\"https:\/\/www.nightflow.com\/fr\/wp-content\/uploads\/2021\/09\/Theatro-Bordeaux-1024x723.jpg\" class=\"attachment-large size-large wp-post-image\" alt=\"\" srcset=\"https:\/\/www.nightflow.com\/fr\/wp-content\/uploads\/2021\/09\/Theatro-Bordeaux-1024x723.jpg 1024w, https:\/\/www.nightflow.com\/fr\/wp-content\/uploads\/2021\/09\/Theatro-Bordeaux-300x212.jpg 300w, https:\/\/www.nightflow.com\/fr\/wp-content\/uploads\/2021\/09\/Theatro-Bordeaux.jpg 1450w\" sizes=\"(max-width: 1024px) 100vw, 1024px\" \/><\/a><\/div><h2 class=\"w-post-elm post_title usg_post_title_1 entry-title color_link_inherit\"><a href=\"https:\/\/www.nightflow.com\/fr\/hip-hop-clubs-in-bordeaux\/\">Clubs hip-hop \u00e0 Bordeaux<\/a><\/h2>\t\t<\/div>\r\n\t\t\t<\/article>\r\n\t<article class=\"w-grid-item size_1x1 post-799 post type-post status-publish format-standard has-post-thumbnail hentry category-club-guide tag-bordeaux\" data-id=\"799\">\r\n\t\t<div class=\"w-grid-item-h\">\r\n\t\t\t\t\t\t<div class=\"w-post-elm post_image usg_post_image_1 stretched\"><a href=\"https:\/\/www.nightflow.com\/fr\/latin-clubs-in-bordeaux\/\" aria-label=\"Clubs latinos \u00e0 Bordeaux\"><img decoding=\"async\" width=\"1024\" height=\"723\" src=\"https:\/\/www.nightflow.com\/fr\/wp-content\/uploads\/2021\/09\/Theatro-Bordeaux-1024x723.jpg\" class=\"attachment-large size-large wp-post-image\" alt=\"\" srcset=\"https:\/\/www.nightflow.com\/fr\/wp-content\/uploads\/2021\/09\/Theatro-Bordeaux-1024x723.jpg 1024w, https:\/\/www.nightflow.com\/fr\/wp-content\/uploads\/2021\/09\/Theatro-Bordeaux-300x212.jpg 300w, https:\/\/www.nightflow.com\/fr\/wp-content\/uploads\/2021\/09\/Theatro-Bordeaux.jpg 1450w\" sizes=\"(max-width: 1024px) 100vw, 1024px\" \/><\/a><\/div><h2 class=\"w-post-elm post_title usg_post_title_1 entry-title color_link_inherit\"><a href=\"https:\/\/www.nightflow.com\/fr\/latin-clubs-in-bordeaux\/\">Clubs latinos \u00e0 Bordeaux<\/a><\/h2>\t\t<\/div>\r\n\t\t\t<\/article>\r\n\t<article class=\"w-grid-item size_1x1 post-800 post type-post status-publish format-standard has-post-thumbnail hentry category-club-guide tag-bordeaux\" data-id=\"800\">\r\n\t\t<div class=\"w-grid-item-h\">\r\n\t\t\t\t\t\t<div class=\"w-post-elm post_image usg_post_image_1 stretched\"><a href=\"https:\/\/www.nightflow.com\/fr\/gay-lgbt-clubs-in-bordeaux\/\" aria-label=\"Clubs Gay et LGBT \u00e0 Bordeaux\"><img decoding=\"async\" width=\"640\" height=\"360\" src=\"https:\/\/www.nightflow.com\/fr\/wp-content\/uploads\/2021\/09\/LEclypse-Bordeaux.jpg\" class=\"attachment-large size-large wp-post-image\" alt=\"\" srcset=\"https:\/\/www.nightflow.com\/fr\/wp-content\/uploads\/2021\/09\/LEclypse-Bordeaux.jpg 640w, https:\/\/www.nightflow.com\/fr\/wp-content\/uploads\/2021\/09\/LEclypse-Bordeaux-300x169.jpg 300w\" sizes=\"(max-width: 640px) 100vw, 640px\" \/><\/a><\/div><h2 class=\"w-post-elm post_title usg_post_title_1 entry-title color_link_inherit\"><a href=\"https:\/\/www.nightflow.com\/fr\/gay-lgbt-clubs-in-bordeaux\/\">Clubs Gay et LGBT \u00e0 Bordeaux<\/a><\/h2>\t\t<\/div>\r\n\t\t\t<\/article>\r\n\t<article class=\"w-grid-item size_1x1 post-802 post type-post status-publish format-standard has-post-thumbnail hentry category-club-guide category-uncategorized tag-bordeaux\" data-id=\"802\">\r\n\t\t<div class=\"w-grid-item-h\">\r\n\t\t\t\t\t\t<div class=\"w-post-elm post_image usg_post_image_1 stretched\"><a href=\"https:\/\/www.nightflow.com\/fr\/techno-clubs-en-bordeaux\/\" aria-label=\"Clubs techno \u00e0 Bordeaux\"><img decoding=\"async\" width=\"309\" height=\"163\" src=\"https:\/\/www.nightflow.com\/fr\/wp-content\/uploads\/2021\/09\/Black-Diamond-Bordeaux.jpg\" class=\"attachment-large size-large wp-post-image\" alt=\"\" srcset=\"https:\/\/www.nightflow.com\/fr\/wp-content\/uploads\/2021\/09\/Black-Diamond-Bordeaux.jpg 309w, https:\/\/www.nightflow.com\/fr\/wp-content\/uploads\/2021\/09\/Black-Diamond-Bordeaux-300x158.jpg 300w\" sizes=\"(max-width: 309px) 100vw, 309px\" \/><\/a><\/div><h2 class=\"w-post-elm post_title usg_post_title_1 entry-title color_link_inherit\"><a href=\"https:\/\/www.nightflow.com\/fr\/techno-clubs-en-bordeaux\/\">Clubs techno \u00e0 Bordeaux<\/a><\/h2>\t\t<\/div>\r\n\t\t\t<\/article>\r\n<\/div><div class=\"w-grid-preloader\">\t<div class=\"g-preloader type_1\">\r\n\t\t<div><\/div>\r\n\t<\/div>\r\n\t<\/div>\t<div class=\"w-grid-json hidden\" onclick='return {&quot;action&quot;:&quot;us_ajax_grid&quot;,&quot;infinite_scroll&quot;:0,&quot;max_num_pages&quot;:1,&quot;pagination&quot;:&quot;none&quot;,&quot;template_vars&quot;:{&quot;columns&quot;:&quot;3&quot;,&quot;exclude_items&quot;:&quot;none&quot;,&quot;img_size&quot;:&quot;default&quot;,&quot;ignore_items_size&quot;:0,&quot;items_layout&quot;:&quot;10920&quot;,&quot;items_offset&quot;:&quot;1&quot;,&quot;load_animation&quot;:&quot;none&quot;,&quot;overriding_link&quot;:&quot;{\\&quot;url\\&quot;:\\&quot;\\&quot;}&quot;,&quot;post_id&quot;:0,&quot;query_args&quot;:{&quot;post_type&quot;:[&quot;post&quot;],&quot;tax_query&quot;:[{&quot;taxonomy&quot;:&quot;post_tag&quot;,&quot;field&quot;:&quot;slug&quot;,&quot;terms&quot;:[&quot;bordeaux&quot;]}],&quot;post_status&quot;:[&quot;publish&quot;],&quot;posts_per_page&quot;:&quot;12&quot;},&quot;orderby_query_args&quot;:{&quot;orderby&quot;:{&quot;date&quot;:&quot;ASC&quot;}},&quot;type&quot;:&quot;grid&quot;,&quot;us_grid_post_type&quot;:&quot;post&quot;,&quot;us_grid_ajax_index&quot;:2,&quot;us_grid_filter_query_string&quot;:null,&quot;us_grid_index&quot;:2,&quot;page_args&quot;:[]}}'><\/div>\r\n\t<\/div><\/div><\/div><\/div><\/div><\/div><\/section><section class=\"l-section wpb_row height_small\" id=\"things\"><div class=\"l-section-h i-cf\"><div class=\"g-cols vc_row via_flex valign_top type_default stacking_default\"><div class=\"vc_col-sm-12 wpb_column vc_column_container\"><div class=\"vc_column-inner\"><div class=\"wpb_wrapper\"><div class=\"wpb_text_column\"><div class=\"wpb_wrapper\"><h1>Things to do at night in <span data-sheets-value=\"{&quot;1&quot;:2,&quot;2&quot;:&quot;Bordeaux&quot;}\" data-sheets-userformat=\"{&quot;2&quot;:513,&quot;3&quot;:{&quot;1&quot;:0},&quot;12&quot;:0}\">Bordeaux<\/span><\/h1>\n<\/div><\/div><\/div><\/div><\/div><\/div><\/div><\/section>\n","protected":false},"excerpt":{"rendered":"Vous cherchez les meilleurs clubs techno de Bordeaux. Vous \u00eates au bon endroit. Vous trouverez donc sur cette page la liste officielle des meilleurs clubs techno de Bordeaux (Plus de d\u00e9tails plus bas). Consultez notre liste compl\u00e8te des bo\u00eetes de nuit \u00e0 Bordeaux. Entrepot nightclub et Electro house ouvert le vendredi et samedi bo\u00eete de...","protected":false},"author":1,"featured_media":866,"parent":0,"menu_order":0,"comment_status":"closed","ping_status":"closed","template":"","meta":{"rank_math_lock_modified_date":false,"_glsr_average":0,"_glsr_ranking":0,"_glsr_reviews":0,"footnotes":""},"class_list":["post-865","page","type-page","status-publish","has-post-thumbnail","hentry"],"_links":{"self":[{"href":"https:\/\/www.nightflow.com\/fr\/wp-json\/wp\/v2\/pages\/865"}],"collection":[{"href":"https:\/\/www.nightflow.com\/fr\/wp-json\/wp\/v2\/pages"}],"about":[{"href":"https:\/\/www.nightflow.com\/fr\/wp-json\/wp\/v2\/types\/page"}],"author":[{"embeddable":true,"href":"https:\/\/www.nightflow.com\/fr\/wp-json\/wp\/v2\/users\/1"}],"replies":[{"embeddable":true,"href":"https:\/\/www.nightflow.com\/fr\/wp-json\/wp\/v2\/comments?post=865"}],"version-history":[{"count":0,"href":"https:\/\/www.nightflow.com\/fr\/wp-json\/wp\/v2\/pages\/865\/revisions"}],"wp:featuredmedia":[{"embeddable":true,"href":"https:\/\/www.nightflow.com\/fr\/wp-json\/wp\/v2\/media\/866"}],"wp:attachment":[{"href":"https:\/\/www.nightflow.com\/fr\/wp-json\/wp\/v2\/media?parent=865"}],"curies":[{"name":"wp","href":"https:\/\/api.w.org\/{rel}","templated":true}]}}